{"id":113,"date":"2013-03-16T14:10:55","date_gmt":"2013-03-16T13:10:55","guid":{"rendered":"http:\/\/www.stromberg-gymnasium.de\/wp\/?page_id=113"},"modified":"2025-10-20T21:20:12","modified_gmt":"2025-10-20T19:20:12","slug":"informationen-ueber-unsere-schule","status":"publish","type":"page","link":"https:\/\/www.stromberg-gymnasium.de\/?page_id=113","title":{"rendered":"Informationen \u00fcber unsere Schule"},"content":{"rendered":"<h1>Kontakt<\/h1>\n<p><strong>Adresse:<\/strong><br \/>\nNebenweg 1<br \/>\n71665 Vaihingen an der Enz<\/p>\n<p><strong>Tel.:<\/strong> 07042\/95480<br \/>\n<strong>Fax:<\/strong> 07042\/954820<\/p>\n<p><strong>E-Mail:<\/strong> <a href=\"mailto:sekretariat@stromberg-gymnasium.de\">sekretariat@stromberg-gymnasium.de<\/a><\/p>\n<h1>Wir sind die Zukunft!<\/h1>\n<p style=\"text-align: left;\">So lautet das Motto unserer Schulgemeinschaft, weil wir uns der Verantwortung f\u00fcr eine lebenswerte Umwelt und f\u00fcr eine gelingende Gesellschaft von morgen stellen wollen.<br \/>\nNeben gymnasialem Bildungsanspruch legen wir Wert auf eine ganzheitliche Pers\u00f6nlichkeitsbildung, damit unsere Sch\u00fcler ihr Potenzial entfalten und pers\u00f6nlich gest\u00e4rkt ihre Zukunft gestalten k\u00f6nnen.<\/p>\n<p><!--\n\n\n<p style=\"text-align: justify;\">Als junge und moderne Schule der Stadt hat das Stromberg-Gymnasium den Unterrichtsbetrieb zum Schuljahr 1999\/2000 aufgenommen.<\/p>\n\n\n\n\n<p style=\"text-align: justify;\">Mitten im Gr\u00fcnen bieten sich in einem hellen und freundlichen Geb\u00e4ude am n\u00f6rdlichen Rand der Stadt sehr gute Lernbedingungen. Ihren Namen tr\u00e4gt die Schule nach dem <strong><a href=\"http:\/\/de.wikipedia.org\/wiki\/Stromberg_(Landschaft)\" target=\"_blank\" rel=\"noopener noreferrer\">Stromberg<\/a><\/strong>, einem H\u00f6henzug, der sich n\u00f6rdlich von Vaihingen in Ost-West-Richtung erstreckt.<\/p>\n\n\n\n--><\/p>\n<h1>Das Schulleitungsteam<\/h1>\n<p><img loading=\"lazy\" decoding=\"async\" class=\"alignnone wp-image-24091\" src=\"https:\/\/www.stromberg-gymnasium.de\/wordpress\/wp-content\/uploads\/2018\/10\/SL-Team_2018_19-1.jpg\" alt=\"\" width=\"600\" height=\"467\" srcset=\"https:\/\/www.stromberg-gymnasium.de\/wordpress\/wp-content\/uploads\/2018\/10\/SL-Team_2018_19-1.jpg 1000w, https:\/\/www.stromberg-gymnasium.de\/wordpress\/wp-content\/uploads\/2018\/10\/SL-Team_2018_19-1-300x233.jpg 300w, https:\/\/www.stromberg-gymnasium.de\/wordpress\/wp-content\/uploads\/2018\/10\/SL-Team_2018_19-1-768x598.jpg 768w, https:\/\/www.stromberg-gymnasium.de\/wordpress\/wp-content\/uploads\/2018\/10\/SL-Team_2018_19-1-347x270.jpg 347w\" sizes=\"auto, (max-width: 600px) 100vw, 600px\" \/><\/p>\n<p>Von links: Carmen F\u00f6rnzler (Abteilungsleiterin), Christoph Sch\u00fcly (Abteilungsleiter), Katja Kranich (Schulleiterin), Roland Wirth (stellvertretender Schulleiter), Cornelia Brauer (Abteilungsleiterin)<\/p>\n<h1>Unser Schulorganisationsteam<\/h1>\n<p>[aktuelles Foto folgt]<\/p>\n<p>Von links: Herr K\u00e4stner (Hausmeister), Sabine Kreth und Gaby Hofmann (Sekretariat)<\/p>\n<h1>Daten und Zahlen<\/h1>\n<p>Stand: Oktober 2025<\/p>\n<table style=\"width: 100%;\" border=\"0\">\n<tbody>\n<tr>\n<th scope=\"col\">Sch\u00fclerzahl<\/th>\n<th scope=\"col\">Lehrerinnen und Lehrer<\/th>\n<th scope=\"col\">Klassen (5-10)<\/th>\n<th scope=\"col\">Sch\u00fcler in der Kursstufe<\/th>\n<\/tr>\n<tr>\n<td>\n<div align=\"center\">670<\/div>\n<\/td>\n<td>\n<div align=\"center\">70<\/div>\n<\/td>\n<td>\n<div align=\"center\">22<\/div>\n<\/td>\n<td>\n<div align=\"center\">139<\/div>\n<\/td>\n<\/tr>\n<\/tbody>\n<\/table>\n<table style=\"width: 100%;\" border=\"0\">\n<tbody>\n<tr>\n<th scope=\"row\" width=\"165\">\n<div align=\"left\">Klassenstufe<\/div>\n<\/th>\n<td width=\"81\"><strong>5<\/strong><\/td>\n<td width=\"86\"><strong>6<\/strong><\/td>\n<td width=\"86\"><strong>7<\/strong><\/td>\n<td width=\"86\"><strong>8<\/strong><\/td>\n<td width=\"103\"><strong>9<\/strong><\/td>\n<td width=\"91\"><strong>10<\/strong><\/td>\n<\/tr>\n<tr>\n<th scope=\"row\">\n<div align=\"left\">Anzahl der Klassen<\/div>\n<\/th>\n<td>4<\/td>\n<td>4<\/td>\n<td>3<\/td>\n<td>4<\/td>\n<td>4<\/td>\n<td>3<\/td>\n<\/tr>\n<\/tbody>\n<\/table>\n<h1>Gesch\u00e4ftsverteilungsplan<\/h1>\n<p><a href=\"https:\/\/www.stromberg-gymnasium.de\/wordpress\/wp-content\/uploads\/2022\/02\/Geschaeftsverteilung-21_22.pdf\">Link zum Gesch\u00e4ftsverteilungsplan Stand 22.11.2021<\/a><\/p>\n<h1>Unser Bildungsangebot<\/h1>\n<p><img loading=\"lazy\" decoding=\"async\" class=\"left alignright\" src=\"https:\/\/www.stromberg-gymnasium.de\/wordpress\/wp-content\/uploads\/2018\/07\/Abistreich_07.jpg\" alt=\"\" width=\"300\" height=\"203\" \/><\/p>\n<p>Ab Klassenstufe 5: Englisch (1. Fremdsprache)<\/p>\n<p>Ab Klassenstufe 6: Englisch; Franz\u00f6sisch (2. Fremdsprache)<\/p>\n<p>Ab Klassenstufe 8:<\/p>\n<p><strong>Naturwissenschaftliches Profil<\/strong>: Kernfach NWT (Naturwissenschaft und Technik) oder <strong>Sprachliches Profil<\/strong>: 3. Fremdsprache Spanisch<\/p>\n<p>In der Kursstufe werden regelm\u00e4\u00dfig die Profilf\u00e4cher <strong>Spanisch<\/strong> und <strong>Wirtschaft<\/strong>, sowie ein <strong>Seminarkurs<\/strong> angeboten.<\/p>\n<h2>Bilinguales Profil.<\/h2>\n<p><img loading=\"lazy\" decoding=\"async\" class=\"right alignleft\" src=\"https:\/\/www.stromberg-gymnasium.de\/wordpress\/wp-content\/uploads\/2018\/07\/bili1.jpg\" alt=\"\" width=\"341\" height=\"100\" \/>Seit dem Schuljahr 2007\/08 hat die Schule ein bilinguales Profil.<\/p>\n<p>Sch\u00fcler\/innen, die von ihren Eltern f\u00fcr diesen Zug angemeldet werden, haben in den Klassen 5 und 6 verst\u00e4rkten Englischunterricht.<\/p>\n<p>In diesen beiden Jahren werden die erforderlichen sprachlichen Kenntnisse und F\u00e4higkeiten vermittelt bzw. gef\u00f6rdert und ausgebaut.<\/p>\n<p>Ab Klasse 7 werden dann Sachf\u00e4cher wie Geographie, Geschichte und Biologie, sowie in der Kursstufe ein Seminarkurs oder eine Naturwissenschaft in der Fremdsprache Englisch unterrichtet.<\/p>\n<p><a title=\"Bilinguales Profil Englisch\" href=\"https:\/\/www.stromberg-gymnasium.de\/?page_id=350\">Mehr zum bilingualen Profil<\/a><\/p>\n<h1>Leitbild<\/h1>\n<p align=\"left\"><img loading=\"lazy\" decoding=\"async\" class=\"alignright\" style=\"float: right; position: relative;\" src=\"https:\/\/www.stromberg-gymnasium.de\/wordpress\/wp-content\/uploads\/2018\/07\/sgaussen.jpg\" alt=\"\" width=\"200\" height=\"284\" \/><\/p>\n<p>Wir verstehen unseren Bildungs- und Erziehungsauftrag als eine gemeinsame und verantwortungsvolle Aufgabe von Schule und Elternhaus.<\/p>\n<p>Unsere Sch\u00fclerinnen und Sch\u00fcler wollen wir zu eigenverantwortlichem Lernen und Arbeiten und zu einem respektvollen, toleranten Umgang miteinander bef\u00e4higen.<\/p>\n<p align=\"left\"><a title=\"Unser Leitbild\" href=\"https:\/\/www.stromberg-gymnasium.de\/?page_id=144\">Mehr zu unserem Leitbild<\/a><\/p>\n<h1>Ausstattung<\/h1>\n<p>Wir bieten einen praxisnahen, anwendungsorientierten und experimentellen Unterricht in modernsten Fachr\u00e4umen.<\/p>\n<p>F\u00fcr den Sportunterricht stehen ein Kleinspielfeld, ein Kunstrasenplatz und eine zweiteilige Sporthalle zur Verf\u00fcgung.<\/p>\n<p>Die Schule verf\u00fcgt \u00fcber einen modernen Computerraum, sowie ein Lernatelier<\/p>\n<h1>Musik<\/h1>\n<p><img loading=\"lazy\" decoding=\"async\" class=\"right alignleft\" src=\"https:\/\/www.stromberg-gymnasium.de\/wordpress\/wp-content\/uploads\/2018\/07\/bigband.jpg\" alt=\"\" width=\"300\" height=\"200\" \/> Musiziert wird an unserer Schule nat\u00fcrlich nicht nur im Musikunterricht. Verschiedene musikalische Arbeitsgemeinschaften stehen unseren Sch\u00fclerinnen und Sch\u00fclern offen.<\/p>\n<ul>\n<li>Singtreff (Klassenstufen 5 und 6)<\/li>\n<li>Deutsch-franz\u00f6sische Chorprojekte \u201eFantastikinder\u201c (Klassenstufen 6 und 7)<\/li>\n<li>Chor conTakt (Klassenstufen 6 bis J2, in Kooperation mit der Jugendmusikschule Vaihingen an der Enz)<\/li>\n<li>Big Band (Klassenstufen 6 bis J2)<\/li>\n<li>Orchester (Klassenstufen 6 bis J2)<\/li>\n<\/ul>\n<h1>Methodenlernen<\/h1>\n<p>Im Rahmen unseres Methodencurriculums erlernen alle Sch\u00fclerinnen und Sch\u00fcler schon ab Klasse 5 Lern- und Arbeitstechniken. An Methodentagen in den Klassenstufen 7 und 10 wird z.B. die wichtige Kompetenz Pr\u00e4sentationsf\u00e4higkeit geschult.<\/p>\n<h1>Beratung<\/h1>\n<p><img loading=\"lazy\" decoding=\"async\" class=\"left alignright\" src=\"https:\/\/www.stromberg-gymnasium.de\/wordpress\/wp-content\/uploads\/2018\/07\/mediation.jpg\" alt=\"\" width=\"300\" height=\"200\" \/>Zahlreiche Beratungsangebote geben Hilfestellung in vielen Bereichen:<\/p>\n<ul>\n<li>Berufsberatung\/ Praktika<\/li>\n<li>Studientage und Betriebsbesichtigungen<\/li>\n<li>Suchtpr\u00e4vention<\/li>\n<\/ul>\n<p>Durch Exkursionen und in Kooperation mit Betrieben und der Hochschule Pforzheim geben wir den Sch\u00fclern Einblicke in die naturwissenschaftliche Berufswelt.<\/p>\n<p>Die <strong>Streitschlichtung <\/strong>(Mediation) ist uns wichtig. Ein Team aus Lehrern und Sch\u00fclern wird j\u00e4hrlich in Seminaren professionell zu Konfliktlotsen ausgebildet.<\/p>\n<p>In Klassenstufe 5 f\u00fchren wir ein Selbstbehauptungstraining durch.<\/p>\n<p>\u00c4ltere Sch\u00fcler unterst\u00fctzen ihre j\u00fcngeren Mitsch\u00fcler als Lernbegleiter.<\/p>\n<h1>Nachhaltiges Lernen\/ Projekttage<\/h1>\n<p>Jedes Jahr vor Ostern finden unsere dreit\u00e4gigen Projekttage statt. F\u00e4cher\u00fcbergreifende Projekte zu verschiedensten Themen f\u00f6rdern ganzheitliches und vernetztes Denken und vermitteln Schl\u00fcsselqualifikationen f\u00fcr Studium und Beruf. Am Schulfest pr\u00e4sentieren die Sch\u00fcler ihre Ergebnisse der Schulgemeinde.<\/p>\n<h1>Au\u00dferunterrichtliche Angebote<\/h1>\n<p>Zus\u00e4tzliche Lernangebote bieten die M\u00f6glichkeit au\u00dferhalb des Unterrichts Wissen zu erwerben und neue F\u00e4higkeiten zu erproben. Zum Beispiel: Theaterarbeitsgemeinschaften (deutsch, englisch und franz\u00f6sisch), Lern-und Arbeitstechniken und viele mehr.<\/p>\n<p>Wir unterst\u00fctzen besonders interessierte Sch\u00fcler durch die Teilnahme an Wettbewerben, z.B. Mathematik\u2013 und Sprachenwettbewerbe, u.v.m.<\/p>\n<h1>SMV<\/h1>\n<p>Die Sch\u00fclermitverantwortung (SMV) verbindet mit Schulfesten, Klassenpatenschaften, Nachhilfeangeboten und Schulprojekten Sch\u00fcler verschiedener Jahrgangsstufen miteinander.<\/p>\n<h1>Schullandheim\/ Studienfahrten<\/h1>\n<p>Schullandheimaufenthalte in Klassenstufe 7 und Studienfahrten in der Kursstufe f\u00f6rdern das Gemeinschaftsgef\u00fchl.<\/p>\n<h1>Sch\u00fcleraustausch<\/h1>\n<p>Wir verwirklichen internationale Begegnungen zwischen Sch\u00fclern verschiedener Nationen durch Kontakte zu unseren Partnerschulen in den USA, England und Frankreich.<\/p>\n","protected":false},"excerpt":{"rendered":"<p>Kontakt Adresse: Nebenweg 1 71665 Vaihingen an der Enz Tel.: 07042\/95480 Fax: 07042\/954820 E-Mail: sekretariat@stromberg-gymnasium.de Wir sind die Zukunft! So lautet das Motto unserer Schulgemeinschaft, weil wir uns der Verantwortung f\u00fcr eine lebenswerte Umwelt und f\u00fcr eine gelingende Gesellschaft von <a href=\"https:\/\/www.stromberg-gymnasium.de\/?page_id=113\" class=\"read-more\">Weiterlesen<\/a><\/p>\n","protected":false},"author":1,"featured_media":0,"parent":0,"menu_order":0,"comment_status":"closed","ping_status":"closed","template":"","meta":{"footnotes":""},"class_list":["post-113","page","type-page","status-publish","hentry"],"_links":{"self":[{"href":"https:\/\/www.stromberg-gymnasium.de\/index.php?rest_route=\/wp\/v2\/pages\/113","targetHints":{"allow":["GET"]}}],"collection":[{"href":"https:\/\/www.stromberg-gymnasium.de\/index.php?rest_route=\/wp\/v2\/pages"}],"about":[{"href":"https:\/\/www.stromberg-gymnasium.de\/index.php?rest_route=\/wp\/v2\/types\/page"}],"author":[{"embeddable":true,"href":"https:\/\/www.stromberg-gymnasium.de\/index.php?rest_route=\/wp\/v2\/users\/1"}],"replies":[{"embeddable":true,"href":"https:\/\/www.stromberg-gymnasium.de\/index.php?rest_route=%2Fwp%2Fv2%2Fcomments&post=113"}],"version-history":[{"count":15,"href":"https:\/\/www.stromberg-gymnasium.de\/index.php?rest_route=\/wp\/v2\/pages\/113\/revisions"}],"predecessor-version":[{"id":32959,"href":"https:\/\/www.stromberg-gymnasium.de\/index.php?rest_route=\/wp\/v2\/pages\/113\/revisions\/32959"}],"wp:attachment":[{"href":"https:\/\/www.stromberg-gymnasium.de\/index.php?rest_route=%2Fwp%2Fv2%2Fmedia&parent=113"}],"curies":[{"name":"wp","href":"https:\/\/api.w.org\/{rel}","templated":true}]}}