{"id":191,"date":"2013-03-16T16:00:37","date_gmt":"2013-03-16T15:00:37","guid":{"rendered":"http:\/\/www.stromberg-gymnasium.de\/wp\/?page_id=191"},"modified":"2025-02-16T16:34:34","modified_gmt":"2025-02-16T15:34:34","slug":"foerderverein","status":"publish","type":"page","link":"https:\/\/www.stromberg-gymnasium.de\/?page_id=191","title":{"rendered":"F\u00f6rderverein"},"content":{"rendered":"<div class=\"sg\">\n<div>\n<h1>Termine<\/h1>\n<p>Die Termine der Vorstandssitzungen <b>k\u00f6nnen aus dem <a title=\"Termine\" href=\"https:\/\/www.stromberg-gymnasium.de\/Termine\/Terminkalender_aktuell.pdf\">Terminplan<\/a> entnommen werden.<\/b><\/p>\n<h1>Schule braucht Freunde!<\/h1>\n<p style=\"text-align: justify;\">Der F\u00f6rderverein wurde im Jahr der Er\u00f6ffnung des Stromberg-Gymnasiums 1999 gegr\u00fcndet. Er dient unmittelbar und ausschlie\u00dflich gemeinn\u00fctzigen Zwecken und ist als gemeinn\u00fctziger Verein anerkannt. Allgemeiner Zweck des Vereins ist die F\u00f6rderung des Schulbetriebes am Stromberg-Gymnasium als Gemeinschaft der Sch\u00fclerinnen, Sch\u00fcler, Lehrerinnen, Lehrer und Eltern.<\/p>\n<p style=\"text-align: justify;\">Es geht darum, die Schule aktiv zu unterst\u00fctzen:<br \/>\nWir k\u00fcmmern uns um Anschaffungen f\u00fcr den Schulalltag, geben Zusch\u00fcsse, organisieren Vortr\u00e4ge und unternehmen viele andere Aktivit\u00e4ten. In Zeiten knapper \u00f6ffentlicher Kassen leisten wir einen finanziellen Beitrag und erm\u00f6glichen so die Erweiterung des Spielraums f\u00fcr wichtige Anschaffungen sowie schulische, berufsorientierende und kulturelle Aktivit\u00e4ten zum Wohl der Sch\u00fcler.<\/p>\n<p style=\"text-align: justify;\">Das und mehr leisten derzeit \u00fcber 300 Sch\u00fcler, Eltern und Lehrer, wie auch eine immer gr\u00f6\u00dfer werdende Gruppe von Ehemaligen, die ihrer Schule so verbunden bleiben m\u00f6chten.<\/p>\n<h1 style=\"text-align: justify;\">Wir brauchen Sie!<\/h1>\n<p style=\"text-align: justify;\">Es gibt viel zu tun und <b>deshalb brauchen wir Sie!<\/b> Informieren Sie sich unverbindlich \u00fcber unsere Arbeit, unsere Veranstaltungen und beleben Sie mit uns das &#8222;Stromi&#8220;. <span style=\"text-decoration: underline;\">Jede<\/span> Unterst\u00fctzung, ob materiell oder personell, ist willkommen.<\/p>\n<p style=\"text-align: justify;\">Gerne begr\u00fc\u00dfen wir Sie als neues Mitglied! Nutzen Sie unseren <a href=\"https:\/\/www.stromberg-gymnasium.de\/wordpress\/wp-content\/uploads\/2025\/02\/FV_Mitgliedsantrag_2025_Februar.pdf\" target=\"_blank\" rel=\"noopener noreferrer\">Antrag<\/a>, oder melden Sie sich bei einer der n\u00e4chsten Schulveranstaltungen am Infostand des F\u00f6rdervereins an.<\/p>\n<p style=\"text-align: justify;\">Um uns zu unterst\u00fctzen, m\u00fcssen Sie nicht unbedingt Mitglied werden, wir freuen uns auch \u00fcber Ihre Einzelspende.<\/p>\n<p style=\"text-align: justify;\">Ihre Zuwendungen an den F\u00f6rderverein sind steuerlich als Sonderausgaben ansetzbar. Gerne stellen wir Ihnen eine Spendenbescheinigung aus.<\/p>\n<p style=\"text-align: justify;\">Bitte beachten Sie, dass wir hierzu den Namen des Spenders mit vollst\u00e4ndiger Adresse kennen m\u00fcssen.<\/p>\n<h1 style=\"text-align: justify;\">Mitglied werden<\/h1>\n<p style=\"text-align: justify;\">Mitglied kann jede Person oder auch Firma werden, sei es als aktives oder f\u00f6rderndes Mitglied. Der Verein bietet zurzeit drei Arten der Mitgliedschaft mit unterschiedlichen Jahresbeitr\u00e4gen an:<\/p>\n<ul style=\"text-align: justify;\">\n<li>Familienmitgliedschaft (derzeit 15 \u20ac)<\/li>\n<li>Einzelmitgliedschaft (10 \u20ac)<\/li>\n<li>Mitgliedschaft f\u00fcr Alleinerziehende und Sch\u00fcler (5 \u20ac)<\/li>\n<\/ul>\n<p style=\"text-align: justify;\">Bei der Familienmitgliedschaft verf\u00fcgt jedes Familienmitglied in der Mitgliederversammlung \u00fcber ein eigenes Stimmrecht, wobei Sch\u00fcler erst ab dem 16. Lebensjahr stimmberechtigt sind.<br \/>\nMittlerweile hat der F\u00f6rderverein \u00fcber 170 zahlende Mitgliedschaften und durch die Familienmitgliedschaften sind das \u00fcber 300 Mitglieder. Wir hoffen, dass es noch viele mehr werden.<\/p>\n<p style=\"text-align: justify;\">F\u00fcr unsere Vereinsmitglieder findet mindestens einmal j\u00e4hrlich eine Mitgliederversammlung statt, und auch die &#8222;Kultour&#8220; &#8211; unser Jahresausflug &#8211; hat bereits langj\u00e4hrige Tradition.<\/p>\n<p style=\"text-align: justify;\">Die Mitglieder des F\u00f6rdervereins k\u00f6nnen jederzeit Vorschl\u00e4ge, Anregungen, Lob oder Kritik an den Vorstand des F\u00f6rdervereins richten sowie ihre Mithilfe bei Projekten anbieten.<\/p>\n<p style=\"text-align: justify;\">Auf Wunsch und nach vorheriger Absprache k\u00f6nnen Mitglieder auch gerne an den regelm\u00e4\u00dfig stattfindenden Vorstandssitzungen teilnehmen und dort ihre Vorschl\u00e4ge direkt einbringen. F\u00fcr jede Art von Mithilfe sind wir dankbar.<\/p>\n<h1 style=\"text-align: justify;\">Kontakt<\/h1>\n<p style=\"text-align: justify;\">F\u00f6rderverein des Stromberg-Gymnasiums<br \/>\nin Vaihingen an der Enz e.V.<br \/>\nNebenweg 1<br \/>\n71665 Vaihingen an der Enz<\/p>\n<table style=\"width: 744px;\" border=\"0\">\n<tbody>\n<tr>\n<th scope=\"row\" width=\"30%\">\n<div align=\"left\">Vorsitzende<\/div>\n<\/th>\n<td>\n<div align=\"left\"><strong>Andrea Mohr-Neidel<\/strong><\/div>\n<\/td>\n<\/tr>\n<tr>\n<th scope=\"row\">\n<div align=\"left\">Stv. Vorsitzende<\/div>\n<\/th>\n<td>\n<div align=\"left\"><strong>Stephanie Fares<\/strong><\/div>\n<\/td>\n<\/tr>\n<tr>\n<th scope=\"row\">\n<div align=\"left\">E-Mail<\/div>\n<\/th>\n<td>\n<div align=\"left\"><strong><a href=\"mailto:fv@stromberg-gymnasium.de\">fv@stromberg-gymnasium.de<\/a><\/strong><\/div>\n<\/td>\n<\/tr>\n<\/tbody>\n<\/table>\n<table style=\"width: 744px;\" border=\"0\">\n<tbody>\n<tr>\n<th scope=\"row\" width=\"30%\">\n<div align=\"left\">Telefon:<\/div>\n<\/th>\n<td width=\"\">\n<div align=\"left\"><strong>07042-9548-0<\/strong><\/div>\n<\/td>\n<\/tr>\n<tr>\n<th scope=\"row\">\n<div align=\"left\">Fax:<\/div>\n<\/th>\n<td>\n<div align=\"left\"><strong>07042-9548-20 (z.Hd. F\u00f6rderverein)<\/strong><\/div>\n<\/td>\n<\/tr>\n<tr>\n<th scope=\"row\">\n<div align=\"left\">Bankverbindung:<\/div>\n<\/th>\n<td>\n<div align=\"left\"><strong>Kreissparkasse Ludwigsburg, BLZ 604 500 50, Konto 152 501<\/strong><\/div>\n<div align=\"left\"><strong>IBAN: DE34 6045 0050 0000 1525 01<\/strong><\/div>\n<\/td>\n<\/tr>\n<\/tbody>\n<\/table>\n<h1 style=\"text-align: justify;\">Downloads<\/h1>\n<p style=\"text-align: justify;\"><a href=\"https:\/\/www.stromberg-gymnasium.de\/wordpress\/wp-content\/uploads\/2025\/02\/FV_Mitgliedsantrag_2025_Februar.pdf\" target=\"_blank\" rel=\"noopener noreferrer\">Mitgliedsantrag (PDF)<\/a><\/p>\n<p style=\"text-align: justify;\"><a href=\"https:\/\/www.stromberg-gymnasium.de\/foerderverein\/downloads\/FV_Antrag_SP_2013-1.pdf \" target=\"_blank\" rel=\"noopener noreferrer\">Antrag auf F\u00f6rderung eines Schulprojekts (PDF)<\/a><\/p>\n<p><a href=\"https:\/\/www.stromberg-gymnasium.de\/foerderverein\/downloads\/Firmenmitgliedschaft_2017_july.pdf\">Antrag auf Firmenmitgliedschaft (PDF)<\/a><\/p>\n<p style=\"text-align: justify;\"><b>Weitere Formulare:<\/b><\/p>\n<p style=\"text-align: justify;\"><a href=\"https:\/\/www.stromberg-gymnasium.de\/wordpress\/wp-content\/uploads\/2019\/01\/Satzung_2018.pdf\" target=\"_blank\" rel=\"noopener noreferrer\">Satzung (PDF)<\/a><\/p>\n<\/div>\n<p><!-- Text area endet --><\/p>\n<\/div>\n","protected":false},"excerpt":{"rendered":"<p>Termine Die Termine der Vorstandssitzungen k\u00f6nnen aus dem Terminplan entnommen werden. Schule braucht Freunde! Der F\u00f6rderverein wurde im Jahr der Er\u00f6ffnung des Stromberg-Gymnasiums 1999 gegr\u00fcndet. Er dient unmittelbar und ausschlie\u00dflich gemeinn\u00fctzigen Zwecken und ist als gemeinn\u00fctziger Verein anerkannt. Allgemeiner Zweck <a href=\"https:\/\/www.stromberg-gymnasium.de\/?page_id=191\" class=\"read-more\">Weiterlesen<\/a><\/p>\n","protected":false},"author":1,"featured_media":0,"parent":113,"menu_order":0,"comment_status":"closed","ping_status":"closed","template":"","meta":{"footnotes":""},"class_list":["post-191","page","type-page","status-publish","hentry"],"_links":{"self":[{"href":"https:\/\/www.stromberg-gymnasium.de\/index.php?rest_route=\/wp\/v2\/pages\/191","targetHints":{"allow":["GET"]}}],"collection":[{"href":"https:\/\/www.stromberg-gymnasium.de\/index.php?rest_route=\/wp\/v2\/pages"}],"about":[{"href":"https:\/\/www.stromberg-gymnasium.de\/index.php?rest_route=\/wp\/v2\/types\/page"}],"author":[{"embeddable":true,"href":"https:\/\/www.stromberg-gymnasium.de\/index.php?rest_route=\/wp\/v2\/users\/1"}],"replies":[{"embeddable":true,"href":"https:\/\/www.stromberg-gymnasium.de\/index.php?rest_route=%2Fwp%2Fv2%2Fcomments&post=191"}],"version-history":[{"count":12,"href":"https:\/\/www.stromberg-gymnasium.de\/index.php?rest_route=\/wp\/v2\/pages\/191\/revisions"}],"predecessor-version":[{"id":32124,"href":"https:\/\/www.stromberg-gymnasium.de\/index.php?rest_route=\/wp\/v2\/pages\/191\/revisions\/32124"}],"up":[{"embeddable":true,"href":"https:\/\/www.stromberg-gymnasium.de\/index.php?rest_route=\/wp\/v2\/pages\/113"}],"wp:attachment":[{"href":"https:\/\/www.stromberg-gymnasium.de\/index.php?rest_route=%2Fwp%2Fv2%2Fmedia&parent=191"}],"curies":[{"name":"wp","href":"https:\/\/api.w.org\/{rel}","templated":true}]}}