{"id":199,"date":"2013-03-16T16:06:17","date_gmt":"2013-03-16T15:06:17","guid":{"rendered":"http:\/\/www.stromberg-gymnasium.de\/wp\/?page_id=199"},"modified":"2018-07-17T14:08:47","modified_gmt":"2018-07-17T12:08:47","slug":"ehemalige","status":"publish","type":"page","link":"https:\/\/www.stromberg-gymnasium.de\/?page_id=199","title":{"rendered":"Ehemalige"},"content":{"rendered":"<p>Im Juni 2003 erhielten die Abiturientinnen und Abiturienten des ersten Abiturjahrgangs am Stromberg-Gymnasium ihre Zeugnisse. Das Stromberg-Gymnasium m\u00f6chte auch weiterhin mit seinen fr\u00fcheren Sch\u00fclerinnen und Sch\u00fclern in Kontakt bleiben.<\/p>\n<p>Wir freuen uns \u00fcber Mitteilungen von Ehemaligen!<\/p>\n<p><strong>\u00dcbrigens:<\/strong> Sind Sie eigentlich schon Mitglied im <a title=\"F\u00f6rderverein\" href=\"https:\/\/www.stromberg-gymnasium.de\/?page_id=191\"><b>F\u00f6rderverein des Stromberg-Gymnasiums<\/b><\/a>?<\/p>\n","protected":false},"excerpt":{"rendered":"<p>Im Juni 2003 erhielten die Abiturientinnen und Abiturienten des ersten Abiturjahrgangs am Stromberg-Gymnasium ihre Zeugnisse. Das Stromberg-Gymnasium m\u00f6chte auch weiterhin mit seinen fr\u00fcheren Sch\u00fclerinnen und Sch\u00fclern in Kontakt bleiben. Wir freuen uns \u00fcber Mitteilungen von Ehemaligen! \u00dcbrigens: Sind Sie eigentlich <a href=\"https:\/\/www.stromberg-gymnasium.de\/?page_id=199\" class=\"read-more\">Weiterlesen<\/a><\/p>\n","protected":false},"author":1,"featured_media":0,"parent":113,"menu_order":0,"comment_status":"closed","ping_status":"closed","template":"","meta":{"footnotes":""},"class_list":["post-199","page","type-page","status-publish","hentry"],"_links":{"self":[{"href":"https:\/\/www.stromberg-gymnasium.de\/index.php?rest_route=\/wp\/v2\/pages\/199","targetHints":{"allow":["GET"]}}],"collection":[{"href":"https:\/\/www.stromberg-gymnasium.de\/index.php?rest_route=\/wp\/v2\/pages"}],"about":[{"href":"https:\/\/www.stromberg-gymnasium.de\/index.php?rest_route=\/wp\/v2\/types\/page"}],"author":[{"embeddable":true,"href":"https:\/\/www.stromberg-gymnasium.de\/index.php?rest_route=\/wp\/v2\/users\/1"}],"replies":[{"embeddable":true,"href":"https:\/\/www.stromberg-gymnasium.de\/index.php?rest_route=%2Fwp%2Fv2%2Fcomments&post=199"}],"version-history":[{"count":4,"href":"https:\/\/www.stromberg-gymnasium.de\/index.php?rest_route=\/wp\/v2\/pages\/199\/revisions"}],"predecessor-version":[{"id":23777,"href":"https:\/\/www.stromberg-gymnasium.de\/index.php?rest_route=\/wp\/v2\/pages\/199\/revisions\/23777"}],"up":[{"embeddable":true,"href":"https:\/\/www.stromberg-gymnasium.de\/index.php?rest_route=\/wp\/v2\/pages\/113"}],"wp:attachment":[{"href":"https:\/\/www.stromberg-gymnasium.de\/index.php?rest_route=%2Fwp%2Fv2%2Fmedia&parent=199"}],"curies":[{"name":"wp","href":"https:\/\/api.w.org\/{rel}","templated":true}]}}