{"id":19959,"date":"2017-03-29T08:35:17","date_gmt":"2017-03-29T06:35:17","guid":{"rendered":"http:\/\/www.stromberg-gymnasium.de\/?page_id=19959"},"modified":"2023-06-25T12:43:42","modified_gmt":"2023-06-25T10:43:42","slug":"schulsozialarbeit-2","status":"publish","type":"page","link":"https:\/\/www.stromberg-gymnasium.de\/?page_id=19959","title":{"rendered":"Schulsozialarbeit"},"content":{"rendered":"\n<p>Liebe Sch\u00fcler*innen, \u00a0sehr geehrte Eltern und sehr geehrtes Kollegium,<br>wir m\u00f6chten die M\u00f6glichkeit nutzen, um uns in diesem Rahmen bei Ihnen als Schulsozialarbeitsteam vorzustellen.<\/p>\n\n\n\n<p><br><strong>Ariane Schwerdtle<\/strong><\/p>\n\n\n\n<figure class=\"wp-block-image size-medium\"><img loading=\"lazy\" decoding=\"async\" width=\"300\" height=\"200\" src=\"https:\/\/www.stromberg-gymnasium.de\/wordpress\/wp-content\/uploads\/2023\/06\/schulsozarbeit_Schwerdtle-300x200.jpg\" alt=\"\" class=\"wp-image-30448\" srcset=\"https:\/\/www.stromberg-gymnasium.de\/wordpress\/wp-content\/uploads\/2023\/06\/schulsozarbeit_Schwerdtle-300x200.jpg 300w, https:\/\/www.stromberg-gymnasium.de\/wordpress\/wp-content\/uploads\/2023\/06\/schulsozarbeit_Schwerdtle-360x240.jpg 360w, https:\/\/www.stromberg-gymnasium.de\/wordpress\/wp-content\/uploads\/2023\/06\/schulsozarbeit_Schwerdtle.jpg 753w\" sizes=\"auto, (max-width: 300px) 100vw, 300px\" \/><figcaption class=\"wp-element-caption\">Sozialp\u00e4dagogin M.A., Systemische Familientherapeutin und zu 60% als Schulsozialarbeiterin am Stromberg-Gymnasium t\u00e4tig.<\/figcaption><\/figure>\n\n\n\n<p>Vor meiner T\u00e4tigkeit am Stromberg-Gymnasium war ich fast vier Jahre in einer station\u00e4ren Einrichtung der Kinder- und Jugendhilfe im Landkreis Ludwigsburg t\u00e4tig. Ich bin in Systemischer Beratung und Familientherapie ausgebildet und wende diese Kompetenzen seit vielen Jahren an. Im Erstberuf, den ich fast zehn Jahre in unterschiedlichen Abteilungen aus\u00fcbte, bin ich Bankkauffrau. Mein Aufbaustudium zur Sozialp\u00e4dagogin M.A. schloss ich 2022 berufsbegleitend erfolgreich ab. Ich freue mich, meine bisherigen vielf\u00e4ltigen Berufserfahrungen in die Schulsozialarbeit einflie\u00dfen lassen und besonders euch liebe Sch\u00fcler*innen und Sie sehr geehrten Eltern pers\u00f6nlich kennenzulernen und begleiten zu d\u00fcrfen.<\/p>\n\n\n\n<p><br><strong>Wolfgang Hepp<\/strong><\/p>\n\n\n\n<figure class=\"wp-block-image size-medium\"><img loading=\"lazy\" decoding=\"async\" width=\"200\" height=\"300\" src=\"https:\/\/www.stromberg-gymnasium.de\/wordpress\/wp-content\/uploads\/2021\/06\/hepp-200x300.jpg\" alt=\"\" class=\"wp-image-27891\" srcset=\"https:\/\/www.stromberg-gymnasium.de\/wordpress\/wp-content\/uploads\/2021\/06\/hepp-200x300.jpg 200w, https:\/\/www.stromberg-gymnasium.de\/wordpress\/wp-content\/uploads\/2021\/06\/hepp-180x270.jpg 180w, https:\/\/www.stromberg-gymnasium.de\/wordpress\/wp-content\/uploads\/2021\/06\/hepp.jpg 480w\" sizes=\"auto, (max-width: 200px) 100vw, 200px\" \/><\/figure>\n\n\n\n<p>Schreinermeister und Arbeitserzieher und zu 20% als Schulsozialarbeiter am Stromberg-Gymnasium t\u00e4tig. An der Ottmar- Mergenthaler-Realschule zu 80%.<br>Seit 2008 bin ich bei der Stadt Vaihingen als Schulsozialarbeiter angestellt.<\/p>\n\n\n\n<p><br><strong>Zu unseren Aufgaben geh\u00f6ren:<\/strong><\/p>\n\n\n\n<ul class=\"wp-block-list\">\n<li>Feste Pr\u00e4senzzeiten an der Schule<\/li>\n\n\n\n<li>Ansprechpartner*in und Vertrauensperson f\u00fcr alle im Schulleben Beteiligten<\/li>\n\n\n\n<li>Beratungsangebote f\u00fcr Sch\u00fcler*innen, Kollegium und Eltern<\/li>\n\n\n\n<li>F\u00f6rderung sozialer F\u00e4higkeiten und des Miteinanders im Klassenverband und in der Schulgemeinschaft<\/li>\n\n\n\n<li>St\u00e4rkung des Selbstbewusstseins und Selbstwertgef\u00fchls, St\u00e4rkung der seelischen Gesundheit<\/li>\n\n\n\n<li>Vermittlung weiterer Hilfsangebote<\/li>\n\n\n\n<li>Zusammenarbeit mit externen Kooperationspartner*innen<\/li>\n\n\n\n<li>Training von Verhalten in Konfliktsituationen<\/li>\n\n\n\n<li>Gewaltpr\u00e4vention<\/li>\n\n\n\n<li>Krisenintervention<\/li>\n\n\n\n<li>Unterst\u00fctzung von Lehrkr\u00e4ften, gemeinsames Festlegen von Angeboten und Aktionen f\u00fcr Klassen auch unter dem Aspekt der Partizipation<\/li>\n\n\n\n<li>Netzwerkarbeit im schulischen und au\u00dferschulischen Bereich<\/li>\n\n\n\n<li>Sozialraumarbeit.<\/li>\n<\/ul>\n\n\n\n<p><strong>Schulsozialarbeit ist ein freiwilliges Angebot. Die Gespr\u00e4che unterliegen der Schweigepflicht.<\/strong><\/p>\n\n\n\n<p>Sollten Sie Fragen haben oder uns pers\u00f6nlich kennen lernen wollen, sprechen Sie uns gerne an:<\/p>\n\n\n\n<ul class=\"wp-block-list\">\n<li>pers\u00f6nlich im Schulb\u00fcro\u00a0(Raum 0.11)<\/li>\n\n\n\n<li>Frau Schwerdtle: telefonisch unter\u00a00162\/ 950 11 22<br>per Mail\u00a0<a href=\"mailto:schulsozialarbeit-schwerdtle@vaihingen.de\">schulsozialarbeit-schwerdtle@vaihingen.de<\/a><\/li>\n\n\n\n<li>Wolfgang Hepp: telefonisch unter\u00a00173\/ 347 55 35<br>per Mail\u00a0<a href=\"mailto:schulsozialarbeit-hepp@vaihingen.de\">schulsozialarbeit-hepp@vaihingen.de<\/a><\/li>\n<\/ul>\n\n\n\n<p><strong>Pr\u00e4senzzeiten Frau Schwerdtle:<\/strong><br>Mo: nicht im Haus<br>Di: i.d.R. nur nach vorheriger Terminvereinbarung im Haus&nbsp;<br>Mi: &nbsp;8:00 \u2013 13:00 Uhr<br>Do: 8:00 \u2013 13:00 Uhr<br>Fr: &nbsp;8:00 \u2013 11:00 Uhr<\/p>\n\n\n\n<p><strong>Pr\u00e4senzzeiten Herr Hepp:<\/strong><br>Fr:\u00a0 7:30 \u2013 13:00 Uhr<\/p>\n\n\n\n<p>Termine jeweils nach vorheriger Vereinbarung.<\/p>\n\n\n\n<p>Wir freuen uns auf eine gute Zusammenarbeit.<br>Freundliche Gr\u00fc\u00dfe<br><strong>Ariane Schwerdtle und Wolfgang Hepp<\/strong><\/p>\n","protected":false},"excerpt":{"rendered":"<p>Liebe Sch\u00fcler*innen, \u00a0sehr geehrte Eltern und sehr geehrtes Kollegium,wir m\u00f6chten die M\u00f6glichkeit nutzen, um uns in diesem Rahmen bei Ihnen als Schulsozialarbeitsteam vorzustellen. Ariane Schwerdtle Vor meiner T\u00e4tigkeit am Stromberg-Gymnasium war ich fast vier Jahre in einer station\u00e4ren Einrichtung der <a href=\"https:\/\/www.stromberg-gymnasium.de\/?page_id=19959\" class=\"read-more\">Weiterlesen<\/a><\/p>\n","protected":false},"author":1,"featured_media":0,"parent":359,"menu_order":0,"comment_status":"closed","ping_status":"closed","template":"","meta":{"footnotes":""},"class_list":["post-19959","page","type-page","status-publish","hentry"],"_links":{"self":[{"href":"https:\/\/www.stromberg-gymnasium.de\/index.php?rest_route=\/wp\/v2\/pages\/19959","targetHints":{"allow":["GET"]}}],"collection":[{"href":"https:\/\/www.stromberg-gymnasium.de\/index.php?rest_route=\/wp\/v2\/pages"}],"about":[{"href":"https:\/\/www.stromberg-gymnasium.de\/index.php?rest_route=\/wp\/v2\/types\/page"}],"author":[{"embeddable":true,"href":"https:\/\/www.stromberg-gymnasium.de\/index.php?rest_route=\/wp\/v2\/users\/1"}],"replies":[{"embeddable":true,"href":"https:\/\/www.stromberg-gymnasium.de\/index.php?rest_route=%2Fwp%2Fv2%2Fcomments&post=19959"}],"version-history":[{"count":7,"href":"https:\/\/www.stromberg-gymnasium.de\/index.php?rest_route=\/wp\/v2\/pages\/19959\/revisions"}],"predecessor-version":[{"id":30449,"href":"https:\/\/www.stromberg-gymnasium.de\/index.php?rest_route=\/wp\/v2\/pages\/19959\/revisions\/30449"}],"up":[{"embeddable":true,"href":"https:\/\/www.stromberg-gymnasium.de\/index.php?rest_route=\/wp\/v2\/pages\/359"}],"wp:attachment":[{"href":"https:\/\/www.stromberg-gymnasium.de\/index.php?rest_route=%2Fwp%2Fv2%2Fmedia&parent=19959"}],"curies":[{"name":"wp","href":"https:\/\/api.w.org\/{rel}","templated":true}]}}