{"id":20093,"date":"2017-03-31T10:28:33","date_gmt":"2017-03-31T08:28:33","guid":{"rendered":"http:\/\/www.stromberg-gymnasium.de\/?page_id=20093"},"modified":"2022-10-04T17:51:23","modified_gmt":"2022-10-04T15:51:23","slug":"differenzierung","status":"publish","type":"page","link":"https:\/\/www.stromberg-gymnasium.de\/?page_id=20093","title":{"rendered":"Differenzierung"},"content":{"rendered":"\n<p><strong>Das besondere Angebot am SG &#8211; Interessengeleitetes Lernen und Begabungsf\u00f6rderung<\/strong><\/p>\n\n\n\n<p>Neben der Vermittlung von fachspezifischen Inhalten auf gymnasialem Bildungsniveau ist uns die F\u00f6rderung individueller Begabungen ein besonderes Anliegen.<\/p>\n\n\n\n<p>Daf\u00fcr haben wir ein spezielles Angebot entwickelt, bei dem sich die Sch\u00fclerInnen von ihren Interessen und Neigungen leiten lassen d\u00fcrfen.<\/p>\n\n\n\n<p>Diese Ausrichtung auf die St\u00e4rken unserer Sch\u00fclerInnen soll zu einem positiven Selbstbild beitragen und Motivation f\u00fcr lebenslanges Lernen sein.<\/p>\n\n\n\n<p><strong>Differenzierung Klassenstufen 5 und 6<\/strong><\/p>\n\n\n\n<p>Der notenfreie Raum sowie die kleinere Gruppengr\u00f6\u00dfe in jahrgangsgemischten Gruppen schaffen eine besondere Lernatmosph\u00e4re und erm\u00f6glichen es den Kindern, sich zu entfalten, au\u00dferhalb des Fachunterrichts Neues zu entdecken und ihre St\u00e4rken weiterzuentwickeln.<\/p>\n\n\n\n<p>Beispiele: \u201eProgrammieren mit dem <em>Calliope mini<\/em>\u201c, \u201eTeamsport und Fairplay\u201c, \u201eMusical\u201c, \u201eMINT-AG\u201c, \u201eFilm ab&#8230;\u201c, &#8222;Der Waren-Check &#8211; Wie nachhaltig ist mein Schulranzen?&#8220;, &#8222;Die Tanzwerkstatt&#8220;, \u201eAlles verm\u00fcllt!? \u2013 Was passiert mit unserem M\u00fcll?\u201c, \u201eDie Faszination der Exit Games\u201c, \u201eExperimentieren mit Alltagsstoffen\u201c, \u201eZirkel, Zeichnen, ziemlich kreativ\u201c<\/p>\n\n\n\n<p><strong>Differenzierung Klassenstufen 7 und 8<\/strong><\/p>\n\n\n\n<p>Die Differenzierung in der Mittelstufe baut auf das Differenzierungskonzept der Klassenstufenstufen 5 und 6 auf. Neben dem interessengeleiteten Lernen stehen jedoch vermehrt die F\u00f6rderung von Interessen und St\u00e4rken im Vordergrund.<\/p>\n\n\n\n<p>Beispiele: \u201eBundeswettbewerb Fremdsprachen\u201c, \u201eEinf\u00fchrung in die Bionik\u201c, \u201eSterne am Winterhimmel\u201c, \u201eAuf die B\u00fchne, fertig, los!\u201c, \u201eMINT-AG\u201c, individuelles GFS-Training, Mini-Differenzierungen zu Mental Health im Rahmen der MeTA-Zeit (Kl.7)<\/p>\n\n\n\n<p><strong>Differenzierung Klassenstufen 9 und 10<\/strong><\/p>\n\n\n\n<p>Ausgehend von den pers\u00f6nlichen St\u00e4rken und Begabungen unterst\u00fctzen wir die Sch\u00fclerinnen und Sch\u00fcler dabei, ihr Potential immer weiter zu entfalten und ihren eigenen Weg zu finden.<\/p>\n\n\n\n<p>Beispiele: Begleitung und Beratung bei der Teilnahme am Bundeswettbewerb Fremdsprachen, Beratungs- und Orientierungsangebot f\u00fcr die Berufs- und Studienwahl <em>(\u201e#Zukunftklarmachen\u201c), <\/em>Rhetorik und Kommunikationstraining, mental health Workshop, Einzelcoaching <em>(\u201e#fitf\u00fcrsLeben\u201c),<\/em> spezifische Informatikangebote wie Programmiersprache z.B. f\u00fcr Spiele und Simulationen<\/p>\n\n\n\n<table id=\"tablepress-4\" class=\"tablepress tablepress-id-4\">\n<tbody class=\"row-hover\">\n<tr class=\"row-1\">\n\t<td class=\"column-1\">Zielgruppe<\/td><td class=\"column-2\">Sch\u00fclerinnen und Sch\u00fcler der Klassenstufe 5\/6, 7\/8 und 9\/10<\/td>\n<\/tr>\n<tr class=\"row-2\">\n\t<td class=\"column-1\">Ort\/Zeit<\/td><td class=\"column-2\">donnerstags 5.\/6. Stunde f\u00fcr Kl. 5\/6<\/td>\n<\/tr>\n<tr class=\"row-3\">\n\t<td class=\"column-1\"><\/td><td class=\"column-2\">dienstags 8.\/9. Stunde (oder nach Absprache) f\u00fcr Kl. 7\/8<\/td>\n<\/tr>\n<tr class=\"row-4\">\n\t<td class=\"column-1\"><\/td><td class=\"column-2\">dienstags 8.\/9. Stunde (oder nach Absprache) f\u00fcr Kl. 9\/10<\/td>\n<\/tr>\n<tr class=\"row-5\">\n\t<td class=\"column-1\">Ansprechpartner<\/td><td class=\"column-2\">Frau Bausch (Koordination Kl. 5\/6)<\/td>\n<\/tr>\n<tr class=\"row-6\">\n\t<td class=\"column-1\"><\/td><td class=\"column-2\">Frau Ciapura (Koordination Kl. 7\/8)<\/td>\n<\/tr>\n<tr class=\"row-7\">\n\t<td class=\"column-1\"><\/td><td class=\"column-2\">Frau Heneka (Koordination Kl. 9\/10)<\/td>\n<\/tr>\n<tr class=\"row-8\">\n\t<td class=\"column-1\"><\/td><td class=\"column-2\">Frau F\u00f6rnzler (Gesamtkoordination)<\/td>\n<\/tr>\n<\/tbody>\n<\/table>\n<!-- #tablepress-4 from cache -->\n\n\n\n<p><strong>Eindr\u00fccke aus der Differenzierung 5\/6<\/strong><\/p>\n\n\n\n<figure class=\"wp-block-gallery has-nested-images columns-default is-cropped wp-block-gallery-1 is-layout-flex wp-block-gallery-is-layout-flex\">\n<figure class=\"wp-block-image size-large\"><img loading=\"lazy\" decoding=\"async\" width=\"1000\" height=\"486\" data-id=\"27642\" src=\"https:\/\/www.stromberg-gymnasium.de\/wordpress\/wp-content\/uploads\/2021\/02\/7-Foto-Diff-5-6-alt_6.jpg\" alt=\"\" class=\"wp-image-27642\" srcset=\"https:\/\/www.stromberg-gymnasium.de\/wordpress\/wp-content\/uploads\/2021\/02\/7-Foto-Diff-5-6-alt_6.jpg 1000w, https:\/\/www.stromberg-gymnasium.de\/wordpress\/wp-content\/uploads\/2021\/02\/7-Foto-Diff-5-6-alt_6-300x146.jpg 300w, https:\/\/www.stromberg-gymnasium.de\/wordpress\/wp-content\/uploads\/2021\/02\/7-Foto-Diff-5-6-alt_6-768x373.jpg 768w, https:\/\/www.stromberg-gymnasium.de\/wordpress\/wp-content\/uploads\/2021\/02\/7-Foto-Diff-5-6-alt_6-360x175.jpg 360w\" sizes=\"auto, (max-width: 1000px) 100vw, 1000px\" \/><\/figure>\n\n\n\n<figure class=\"wp-block-image size-large\"><img loading=\"lazy\" decoding=\"async\" width=\"1000\" height=\"792\" data-id=\"27643\" src=\"https:\/\/www.stromberg-gymnasium.de\/wordpress\/wp-content\/uploads\/2021\/02\/1-Foto-Diff-5-6_1.jpg\" alt=\"\" class=\"wp-image-27643\" srcset=\"https:\/\/www.stromberg-gymnasium.de\/wordpress\/wp-content\/uploads\/2021\/02\/1-Foto-Diff-5-6_1.jpg 1000w, https:\/\/www.stromberg-gymnasium.de\/wordpress\/wp-content\/uploads\/2021\/02\/1-Foto-Diff-5-6_1-300x238.jpg 300w, https:\/\/www.stromberg-gymnasium.de\/wordpress\/wp-content\/uploads\/2021\/02\/1-Foto-Diff-5-6_1-768x608.jpg 768w, https:\/\/www.stromberg-gymnasium.de\/wordpress\/wp-content\/uploads\/2021\/02\/1-Foto-Diff-5-6_1-341x270.jpg 341w\" sizes=\"auto, (max-width: 1000px) 100vw, 1000px\" \/><\/figure>\n\n\n\n<figure class=\"wp-block-image size-large\"><img loading=\"lazy\" decoding=\"async\" width=\"1000\" height=\"667\" data-id=\"27644\" src=\"https:\/\/www.stromberg-gymnasium.de\/wordpress\/wp-content\/uploads\/2021\/02\/2-Foto-Diff-5-6_2.jpg\" alt=\"\" class=\"wp-image-27644\" srcset=\"https:\/\/www.stromberg-gymnasium.de\/wordpress\/wp-content\/uploads\/2021\/02\/2-Foto-Diff-5-6_2.jpg 1000w, https:\/\/www.stromberg-gymnasium.de\/wordpress\/wp-content\/uploads\/2021\/02\/2-Foto-Diff-5-6_2-300x200.jpg 300w, https:\/\/www.stromberg-gymnasium.de\/wordpress\/wp-content\/uploads\/2021\/02\/2-Foto-Diff-5-6_2-768x512.jpg 768w, https:\/\/www.stromberg-gymnasium.de\/wordpress\/wp-content\/uploads\/2021\/02\/2-Foto-Diff-5-6_2-360x240.jpg 360w\" sizes=\"auto, (max-width: 1000px) 100vw, 1000px\" \/><\/figure>\n\n\n\n<figure class=\"wp-block-image size-large\"><img loading=\"lazy\" decoding=\"async\" width=\"1000\" height=\"692\" data-id=\"27645\" src=\"https:\/\/www.stromberg-gymnasium.de\/wordpress\/wp-content\/uploads\/2021\/02\/3-Foto-Diff-5-6-_3.jpg\" alt=\"\" class=\"wp-image-27645\" srcset=\"https:\/\/www.stromberg-gymnasium.de\/wordpress\/wp-content\/uploads\/2021\/02\/3-Foto-Diff-5-6-_3.jpg 1000w, https:\/\/www.stromberg-gymnasium.de\/wordpress\/wp-content\/uploads\/2021\/02\/3-Foto-Diff-5-6-_3-300x208.jpg 300w, https:\/\/www.stromberg-gymnasium.de\/wordpress\/wp-content\/uploads\/2021\/02\/3-Foto-Diff-5-6-_3-768x531.jpg 768w, https:\/\/www.stromberg-gymnasium.de\/wordpress\/wp-content\/uploads\/2021\/02\/3-Foto-Diff-5-6-_3-360x249.jpg 360w\" sizes=\"auto, (max-width: 1000px) 100vw, 1000px\" \/><\/figure>\n\n\n\n<figure class=\"wp-block-image size-large\"><img loading=\"lazy\" decoding=\"async\" width=\"1000\" height=\"747\" data-id=\"27646\" src=\"https:\/\/www.stromberg-gymnasium.de\/wordpress\/wp-content\/uploads\/2021\/02\/5-Foto-Diff-5-6_4.jpg\" alt=\"\" class=\"wp-image-27646\" srcset=\"https:\/\/www.stromberg-gymnasium.de\/wordpress\/wp-content\/uploads\/2021\/02\/5-Foto-Diff-5-6_4.jpg 1000w, https:\/\/www.stromberg-gymnasium.de\/wordpress\/wp-content\/uploads\/2021\/02\/5-Foto-Diff-5-6_4-300x224.jpg 300w, https:\/\/www.stromberg-gymnasium.de\/wordpress\/wp-content\/uploads\/2021\/02\/5-Foto-Diff-5-6_4-768x574.jpg 768w, https:\/\/www.stromberg-gymnasium.de\/wordpress\/wp-content\/uploads\/2021\/02\/5-Foto-Diff-5-6_4-360x270.jpg 360w\" sizes=\"auto, (max-width: 1000px) 100vw, 1000px\" \/><\/figure>\n\n\n\n<figure class=\"wp-block-image size-large\"><img loading=\"lazy\" decoding=\"async\" width=\"1000\" height=\"665\" data-id=\"27647\" src=\"https:\/\/www.stromberg-gymnasium.de\/wordpress\/wp-content\/uploads\/2021\/02\/6-Foto-Diff-5-6-alt_5.jpg\" alt=\"\" class=\"wp-image-27647\" srcset=\"https:\/\/www.stromberg-gymnasium.de\/wordpress\/wp-content\/uploads\/2021\/02\/6-Foto-Diff-5-6-alt_5.jpg 1000w, https:\/\/www.stromberg-gymnasium.de\/wordpress\/wp-content\/uploads\/2021\/02\/6-Foto-Diff-5-6-alt_5-300x200.jpg 300w, https:\/\/www.stromberg-gymnasium.de\/wordpress\/wp-content\/uploads\/2021\/02\/6-Foto-Diff-5-6-alt_5-768x511.jpg 768w, https:\/\/www.stromberg-gymnasium.de\/wordpress\/wp-content\/uploads\/2021\/02\/6-Foto-Diff-5-6-alt_5-360x239.jpg 360w\" sizes=\"auto, (max-width: 1000px) 100vw, 1000px\" \/><\/figure>\n<\/figure>\n\n\n\n<p><strong>Eindr\u00fccke aus der Differenzierung 7-10<\/strong><\/p>\n\n\n\n<figure class=\"wp-block-gallery has-nested-images columns-default is-cropped wp-block-gallery-2 is-layout-flex wp-block-gallery-is-layout-flex\">\n<figure class=\"wp-block-image size-large\"><img loading=\"lazy\" decoding=\"async\" width=\"1000\" height=\"667\" data-id=\"27648\" src=\"https:\/\/www.stromberg-gymnasium.de\/wordpress\/wp-content\/uploads\/2021\/02\/6-Foto-Diff-7-8_6.jpg\" alt=\"\" class=\"wp-image-27648\" srcset=\"https:\/\/www.stromberg-gymnasium.de\/wordpress\/wp-content\/uploads\/2021\/02\/6-Foto-Diff-7-8_6.jpg 1000w, https:\/\/www.stromberg-gymnasium.de\/wordpress\/wp-content\/uploads\/2021\/02\/6-Foto-Diff-7-8_6-300x200.jpg 300w, https:\/\/www.stromberg-gymnasium.de\/wordpress\/wp-content\/uploads\/2021\/02\/6-Foto-Diff-7-8_6-768x512.jpg 768w, https:\/\/www.stromberg-gymnasium.de\/wordpress\/wp-content\/uploads\/2021\/02\/6-Foto-Diff-7-8_6-360x240.jpg 360w\" sizes=\"auto, (max-width: 1000px) 100vw, 1000px\" \/><\/figure>\n\n\n\n<figure class=\"wp-block-image size-large\"><img loading=\"lazy\" decoding=\"async\" width=\"1000\" height=\"667\" data-id=\"27649\" src=\"https:\/\/www.stromberg-gymnasium.de\/wordpress\/wp-content\/uploads\/2021\/02\/1-Foto-Diff-7-8_1.jpg\" alt=\"\" class=\"wp-image-27649\" srcset=\"https:\/\/www.stromberg-gymnasium.de\/wordpress\/wp-content\/uploads\/2021\/02\/1-Foto-Diff-7-8_1.jpg 1000w, https:\/\/www.stromberg-gymnasium.de\/wordpress\/wp-content\/uploads\/2021\/02\/1-Foto-Diff-7-8_1-300x200.jpg 300w, https:\/\/www.stromberg-gymnasium.de\/wordpress\/wp-content\/uploads\/2021\/02\/1-Foto-Diff-7-8_1-768x512.jpg 768w, https:\/\/www.stromberg-gymnasium.de\/wordpress\/wp-content\/uploads\/2021\/02\/1-Foto-Diff-7-8_1-360x240.jpg 360w\" sizes=\"auto, (max-width: 1000px) 100vw, 1000px\" \/><\/figure>\n\n\n\n<figure class=\"wp-block-image size-large\"><img loading=\"lazy\" decoding=\"async\" width=\"1000\" height=\"750\" data-id=\"27650\" src=\"https:\/\/www.stromberg-gymnasium.de\/wordpress\/wp-content\/uploads\/2021\/02\/2-Foto-Diff-7-8_2.jpg\" alt=\"\" class=\"wp-image-27650\" srcset=\"https:\/\/www.stromberg-gymnasium.de\/wordpress\/wp-content\/uploads\/2021\/02\/2-Foto-Diff-7-8_2.jpg 1000w, https:\/\/www.stromberg-gymnasium.de\/wordpress\/wp-content\/uploads\/2021\/02\/2-Foto-Diff-7-8_2-300x225.jpg 300w, https:\/\/www.stromberg-gymnasium.de\/wordpress\/wp-content\/uploads\/2021\/02\/2-Foto-Diff-7-8_2-768x576.jpg 768w, https:\/\/www.stromberg-gymnasium.de\/wordpress\/wp-content\/uploads\/2021\/02\/2-Foto-Diff-7-8_2-360x270.jpg 360w\" sizes=\"auto, (max-width: 1000px) 100vw, 1000px\" \/><\/figure>\n\n\n\n<figure class=\"wp-block-image size-large\"><img loading=\"lazy\" decoding=\"async\" width=\"486\" height=\"1000\" data-id=\"27651\" src=\"https:\/\/www.stromberg-gymnasium.de\/wordpress\/wp-content\/uploads\/2021\/02\/3-Foto-Diff-7-8_3.jpg\" alt=\"\" class=\"wp-image-27651\" srcset=\"https:\/\/www.stromberg-gymnasium.de\/wordpress\/wp-content\/uploads\/2021\/02\/3-Foto-Diff-7-8_3.jpg 486w, https:\/\/www.stromberg-gymnasium.de\/wordpress\/wp-content\/uploads\/2021\/02\/3-Foto-Diff-7-8_3-146x300.jpg 146w, https:\/\/www.stromberg-gymnasium.de\/wordpress\/wp-content\/uploads\/2021\/02\/3-Foto-Diff-7-8_3-131x270.jpg 131w\" sizes=\"auto, (max-width: 486px) 100vw, 486px\" \/><\/figure>\n\n\n\n<figure class=\"wp-block-image size-large\"><img loading=\"lazy\" decoding=\"async\" width=\"1000\" height=\"750\" data-id=\"27652\" src=\"https:\/\/www.stromberg-gymnasium.de\/wordpress\/wp-content\/uploads\/2021\/02\/4-Foto-Diff-7-8_4.jpg\" alt=\"\" class=\"wp-image-27652\" srcset=\"https:\/\/www.stromberg-gymnasium.de\/wordpress\/wp-content\/uploads\/2021\/02\/4-Foto-Diff-7-8_4.jpg 1000w, https:\/\/www.stromberg-gymnasium.de\/wordpress\/wp-content\/uploads\/2021\/02\/4-Foto-Diff-7-8_4-300x225.jpg 300w, https:\/\/www.stromberg-gymnasium.de\/wordpress\/wp-content\/uploads\/2021\/02\/4-Foto-Diff-7-8_4-768x576.jpg 768w, https:\/\/www.stromberg-gymnasium.de\/wordpress\/wp-content\/uploads\/2021\/02\/4-Foto-Diff-7-8_4-360x270.jpg 360w\" sizes=\"auto, (max-width: 1000px) 100vw, 1000px\" \/><\/figure>\n\n\n\n<figure class=\"wp-block-image size-large\"><img loading=\"lazy\" decoding=\"async\" width=\"1000\" height=\"750\" data-id=\"27653\" src=\"https:\/\/www.stromberg-gymnasium.de\/wordpress\/wp-content\/uploads\/2021\/02\/5-Foto-Diff-7-8_5.jpg\" alt=\"\" class=\"wp-image-27653\" srcset=\"https:\/\/www.stromberg-gymnasium.de\/wordpress\/wp-content\/uploads\/2021\/02\/5-Foto-Diff-7-8_5.jpg 1000w, https:\/\/www.stromberg-gymnasium.de\/wordpress\/wp-content\/uploads\/2021\/02\/5-Foto-Diff-7-8_5-300x225.jpg 300w, https:\/\/www.stromberg-gymnasium.de\/wordpress\/wp-content\/uploads\/2021\/02\/5-Foto-Diff-7-8_5-768x576.jpg 768w, https:\/\/www.stromberg-gymnasium.de\/wordpress\/wp-content\/uploads\/2021\/02\/5-Foto-Diff-7-8_5-360x270.jpg 360w\" sizes=\"auto, (max-width: 1000px) 100vw, 1000px\" \/><\/figure>\n<\/figure>\n\n\n\n<p class=\"has-text-align-right\"><em>Stand: 03.10.2022<\/em><\/p>\n","protected":false},"excerpt":{"rendered":"<p>Das besondere Angebot am SG &#8211; Interessengeleitetes Lernen und Begabungsf\u00f6rderung Neben der Vermittlung von fachspezifischen Inhalten auf gymnasialem Bildungsniveau ist uns die F\u00f6rderung individueller Begabungen ein besonderes Anliegen. Daf\u00fcr haben wir ein spezielles Angebot entwickelt, bei dem sich die Sch\u00fclerInnen <a href=\"https:\/\/www.stromberg-gymnasium.de\/?page_id=20093\" class=\"read-more\">Weiterlesen<\/a><\/p>\n","protected":false},"author":1,"featured_media":0,"parent":0,"menu_order":0,"comment_status":"closed","ping_status":"closed","template":"","meta":{"footnotes":""},"class_list":["post-20093","page","type-page","status-publish","hentry"],"_links":{"self":[{"href":"https:\/\/www.stromberg-gymnasium.de\/index.php?rest_route=\/wp\/v2\/pages\/20093","targetHints":{"allow":["GET"]}}],"collection":[{"href":"https:\/\/www.stromberg-gymnasium.de\/index.php?rest_route=\/wp\/v2\/pages"}],"about":[{"href":"https:\/\/www.stromberg-gymnasium.de\/index.php?rest_route=\/wp\/v2\/types\/page"}],"author":[{"embeddable":true,"href":"https:\/\/www.stromberg-gymnasium.de\/index.php?rest_route=\/wp\/v2\/users\/1"}],"replies":[{"embeddable":true,"href":"https:\/\/www.stromberg-gymnasium.de\/index.php?rest_route=%2Fwp%2Fv2%2Fcomments&post=20093"}],"version-history":[{"count":10,"href":"https:\/\/www.stromberg-gymnasium.de\/index.php?rest_route=\/wp\/v2\/pages\/20093\/revisions"}],"predecessor-version":[{"id":29629,"href":"https:\/\/www.stromberg-gymnasium.de\/index.php?rest_route=\/wp\/v2\/pages\/20093\/revisions\/29629"}],"wp:attachment":[{"href":"https:\/\/www.stromberg-gymnasium.de\/index.php?rest_route=%2Fwp%2Fv2%2Fmedia&parent=20093"}],"curies":[{"name":"wp","href":"https:\/\/api.w.org\/{rel}","templated":true}]}}