{"id":22464,"date":"2018-06-20T11:13:19","date_gmt":"2018-06-20T09:13:19","guid":{"rendered":"http:\/\/www.stromberg-gymnasium.de\/wordpress\/?page_id=22464"},"modified":"2026-02-26T19:26:24","modified_gmt":"2026-02-26T18:26:24","slug":"richtlinien","status":"publish","type":"page","link":"https:\/\/www.stromberg-gymnasium.de\/?page_id=22464","title":{"rendered":"Richtlinien"},"content":{"rendered":"\n<h2 class=\"wp-block-heading\">Richtlinien der einzelnen F\u00e4cher (Stand Juni 2017)<\/h2>\n\n\n\n<p>Die GFS-Richtlinien enthalten die Anforderungen und Bewertungskritrien der einzelnen Unterrichtsf\u00e4cher.<\/p>\n\n\n\n<p>Sie sind einheitlich gegliedert in:<\/p>\n\n\n\n<ul class=\"wp-block-list\">\n<li>Grunds\u00e4tzliches<\/li>\n\n\n\n<li>Themen und Formen<\/li>\n\n\n\n<li>Zeitrahmen Schriftliche<\/li>\n\n\n\n<li>Ausarbeitung<\/li>\n\n\n\n<li>Ablauf<\/li>\n\n\n\n<li>Bewertung<\/li>\n\n\n\n<li>Selbst\u00e4ndigkeit\/ Quellen<\/li>\n<\/ul>\n\n\n\n<p>Alle Dokumente sind im PDF Format und \u00f6ffnen sich in einem neuen Fenster\/Tab<\/p>\n\n\n\n<p><a href=\"https:\/\/www.stromberg-gymnasium.de\/wordpress\/wp-content\/uploads\/2018\/07\/GFS-Richtlinien-BK-SG-2017.pdf\" target=\"_blank\" rel=\"noopener\">Bildende Kunst<\/a><\/p>\n\n\n\n<p><a href=\"https:\/\/www.stromberg-gymnasium.de\/wordpress\/wp-content\/uploads\/2018\/10\/GFS-Richtlinien-Biologie-SG-2017.pdf\" target=\"_blank\" rel=\"noopener\">Biologie<\/a><\/p>\n\n\n\n<p><a href=\"https:\/\/www.stromberg-gymnasium.de\/wordpress\/wp-content\/uploads\/2024\/11\/GFS-Richtlinien-Chemie-SG-2024.pdf\" target=\"_blank\" rel=\"noreferrer noopener\">Chemie<\/a><\/p>\n\n\n\n<p><a href=\"https:\/\/www.stromberg-gymnasium.de\/wordpress\/wp-content\/uploads\/2026\/02\/GFS-Richtlinien-Deutsch-2026.pdf\" target=\"_blank\" rel=\"noreferrer noopener\">Deutsch<\/a><\/p>\n\n\n\n<p><a href=\"https:\/\/www.stromberg-gymnasium.de\/wordpress\/wp-content\/uploads\/2026\/01\/GFS-Richtlinien-Englisch_SG2025.pdf\" target=\"_blank\" rel=\"noreferrer noopener\">Englisch <\/a><\/p>\n\n\n\n<p><a href=\"https:\/\/www.stromberg-gymnasium.de\/wordpress\/wp-content\/uploads\/2018\/07\/GFS-Richtlinien-Ethik-SG-2017.pdf\" target=\"_blank\" rel=\"noopener\">Ethik <\/a><\/p>\n\n\n\n<p><a href=\"https:\/\/www.stromberg-gymnasium.de\/wordpress\/wp-content\/uploads\/2025\/11\/GFS-Richtlinien-Franzoesisch-SG-2025.pdf\" target=\"_blank\" rel=\"noreferrer noopener\">Franz\u00f6sisch <\/a><\/p>\n\n\n\n<p><a href=\"https:\/\/www.stromberg-gymnasium.de\/wordpress\/wp-content\/uploads\/2018\/07\/GFS-Richtlinien-Gemeinschaftskunde-SG-2017.pdf\" target=\"_blank\" rel=\"noopener\">Gemeinschaftskunde <\/a><\/p>\n\n\n\n<p><a href=\"https:\/\/www.stromberg-gymnasium.de\/wordpress\/wp-content\/uploads\/2018\/07\/GFS-Richtlinien-Geografie-SG-2017.pdf\" target=\"_blank\" rel=\"noopener\">Geografie<\/a><\/p>\n\n\n\n<p><a href=\"https:\/\/www.stromberg-gymnasium.de\/wordpress\/wp-content\/uploads\/2026\/01\/GFS-Richtlinien-FS-Geschichte-ueberarbeitet.pdf\" target=\"_blank\" rel=\"noreferrer noopener\">Geschichte <\/a><\/p>\n\n\n\n<p><a href=\"https:\/\/www.stromberg-gymnasium.de\/wordpress\/wp-content\/uploads\/2018\/07\/GFS-Richtlinien-Mathematik-SG-2017.pdf\" target=\"_blank\" rel=\"noopener\">Mathematik<\/a><\/p>\n\n\n\n<p><a href=\"https:\/\/www.stromberg-gymnasium.de\/wordpress\/wp-content\/uploads\/2018\/07\/GFS-Richtlinien-Musik-SG-2017.pdf\" target=\"_blank\" rel=\"noopener\">Musik<\/a><\/p>\n\n\n\n<p><a href=\"https:\/\/www.stromberg-gymnasium.de\/wordpress\/wp-content\/uploads\/2018\/07\/GFS-Richtlinien-NwT-SG-2017.pdf\" target=\"_blank\" rel=\"noopener\">NwT<\/a><\/p>\n\n\n\n<p><a href=\"https:\/\/www.stromberg-gymnasium.de\/wordpress\/wp-content\/uploads\/2018\/07\/GFS-Richtlinien-Physik-SG-2017.pdf\" target=\"_blank\" rel=\"noopener\">Physik<\/a><\/p>\n\n\n\n<p><a href=\"https:\/\/www.stromberg-gymnasium.de\/wordpress\/wp-content\/uploads\/2025\/10\/GFS-Richtlinien-FS-Religion-ueberarbeitet.pdf\" target=\"_blank\" rel=\"noreferrer noopener\">Religion<\/a><\/p>\n\n\n\n<p><a href=\"https:\/\/www.stromberg-gymnasium.de\/wordpress\/wp-content\/uploads\/2018\/07\/GFS-Richtlinien-Spanisch-SG-2017.pdf\" target=\"_blank\" rel=\"noopener\">Spanisch <\/a><\/p>\n\n\n\n<p><a href=\"https:\/\/www.stromberg-gymnasium.de\/wordpress\/wp-content\/uploads\/2025\/12\/GFS-Richtlinien-Sport-SG-2025_V2.pdf\" target=\"_blank\" rel=\"noreferrer noopener\">Sport<\/a><\/p>\n\n\n\n<p><\/p>\n","protected":false},"excerpt":{"rendered":"<p>Richtlinien der einzelnen F\u00e4cher (Stand Juni 2017) Die GFS-Richtlinien enthalten die Anforderungen und Bewertungskritrien der einzelnen Unterrichtsf\u00e4cher. Sie sind einheitlich gegliedert in: Alle Dokumente sind im PDF Format und \u00f6ffnen sich in einem neuen Fenster\/Tab Bildende Kunst Biologie Chemie Deutsch <a href=\"https:\/\/www.stromberg-gymnasium.de\/?page_id=22464\" class=\"read-more\">Weiterlesen<\/a><\/p>\n","protected":false},"author":1,"featured_media":0,"parent":0,"menu_order":0,"comment_status":"closed","ping_status":"closed","template":"","meta":{"footnotes":""},"class_list":["post-22464","page","type-page","status-publish","hentry"],"_links":{"self":[{"href":"https:\/\/www.stromberg-gymnasium.de\/index.php?rest_route=\/wp\/v2\/pages\/22464","targetHints":{"allow":["GET"]}}],"collection":[{"href":"https:\/\/www.stromberg-gymnasium.de\/index.php?rest_route=\/wp\/v2\/pages"}],"about":[{"href":"https:\/\/www.stromberg-gymnasium.de\/index.php?rest_route=\/wp\/v2\/types\/page"}],"author":[{"embeddable":true,"href":"https:\/\/www.stromberg-gymnasium.de\/index.php?rest_route=\/wp\/v2\/users\/1"}],"replies":[{"embeddable":true,"href":"https:\/\/www.stromberg-gymnasium.de\/index.php?rest_route=%2Fwp%2Fv2%2Fcomments&post=22464"}],"version-history":[{"count":14,"href":"https:\/\/www.stromberg-gymnasium.de\/index.php?rest_route=\/wp\/v2\/pages\/22464\/revisions"}],"predecessor-version":[{"id":33310,"href":"https:\/\/www.stromberg-gymnasium.de\/index.php?rest_route=\/wp\/v2\/pages\/22464\/revisions\/33310"}],"wp:attachment":[{"href":"https:\/\/www.stromberg-gymnasium.de\/index.php?rest_route=%2Fwp%2Fv2%2Fmedia&parent=22464"}],"curies":[{"name":"wp","href":"https:\/\/api.w.org\/{rel}","templated":true}]}}