{"id":27451,"date":"2021-01-08T08:07:17","date_gmt":"2021-01-08T07:07:17","guid":{"rendered":"https:\/\/www.stromberg-gymnasium.de\/?page_id=27451"},"modified":"2021-01-08T08:07:17","modified_gmt":"2021-01-08T07:07:17","slug":"projekte-englisch","status":"publish","type":"page","link":"https:\/\/www.stromberg-gymnasium.de\/?page_id=27451","title":{"rendered":"Projekte Englisch"},"content":{"rendered":"\n<p><strong>Brieffreundschaft mit der englischen Partnerschule in Marlborough<\/strong><strong><\/strong><\/p>\n\n\n\n<p>Einen Brief zu schreiben ist gerade heute in der zunehmend digitalisierten Welt eine Besonderheit. Interessierte Sch\u00fclerInnen der Klassenstufen 7 und 8 k\u00f6nnen im Rahmen des Englischunterrichts genau dies tun und in regelm\u00e4\u00dfigen Abst\u00e4nden Briefe an Sch\u00fclerInnen unserer englischen Partnerschule in Marlborough schreiben. Auf diesem Wege sind schon zahlreiche enge Brieffreundschaften entstanden \u2013 ein traditioneller, aber nachhaltiger interkultureller Austausch.<\/p>\n","protected":false},"excerpt":{"rendered":"<p>Brieffreundschaft mit der englischen Partnerschule in Marlborough Einen Brief zu schreiben ist gerade heute in der zunehmend digitalisierten Welt eine Besonderheit. Interessierte Sch\u00fclerInnen der Klassenstufen 7 und 8 k\u00f6nnen im Rahmen des Englischunterrichts genau dies tun und in regelm\u00e4\u00dfigen Abst\u00e4nden <a href=\"https:\/\/www.stromberg-gymnasium.de\/?page_id=27451\" class=\"read-more\">Weiterlesen<\/a><\/p>\n","protected":false},"author":1,"featured_media":0,"parent":0,"menu_order":0,"comment_status":"closed","ping_status":"closed","template":"","meta":{"footnotes":""},"class_list":["post-27451","page","type-page","status-publish","hentry"],"_links":{"self":[{"href":"https:\/\/www.stromberg-gymnasium.de\/index.php?rest_route=\/wp\/v2\/pages\/27451","targetHints":{"allow":["GET"]}}],"collection":[{"href":"https:\/\/www.stromberg-gymnasium.de\/index.php?rest_route=\/wp\/v2\/pages"}],"about":[{"href":"https:\/\/www.stromberg-gymnasium.de\/index.php?rest_route=\/wp\/v2\/types\/page"}],"author":[{"embeddable":true,"href":"https:\/\/www.stromberg-gymnasium.de\/index.php?rest_route=\/wp\/v2\/users\/1"}],"replies":[{"embeddable":true,"href":"https:\/\/www.stromberg-gymnasium.de\/index.php?rest_route=%2Fwp%2Fv2%2Fcomments&post=27451"}],"version-history":[{"count":1,"href":"https:\/\/www.stromberg-gymnasium.de\/index.php?rest_route=\/wp\/v2\/pages\/27451\/revisions"}],"predecessor-version":[{"id":27452,"href":"https:\/\/www.stromberg-gymnasium.de\/index.php?rest_route=\/wp\/v2\/pages\/27451\/revisions\/27452"}],"wp:attachment":[{"href":"https:\/\/www.stromberg-gymnasium.de\/index.php?rest_route=%2Fwp%2Fv2%2Fmedia&parent=27451"}],"curies":[{"name":"wp","href":"https:\/\/api.w.org\/{rel}","templated":true}]}}