{"id":27453,"date":"2021-01-08T08:07:53","date_gmt":"2021-01-08T07:07:53","guid":{"rendered":"https:\/\/www.stromberg-gymnasium.de\/?page_id=27453"},"modified":"2025-08-07T20:49:57","modified_gmt":"2025-08-07T18:49:57","slug":"wettbewerbe-englisch","status":"publish","type":"page","link":"https:\/\/www.stromberg-gymnasium.de\/?page_id=27453","title":{"rendered":"Wettbewerbe Englisch"},"content":{"rendered":"\n<p><strong>Bundeswettbewerb Fremdsprachen<\/strong><\/p>\n\n\n\n<p>Seit dem Schuljahr 2021\/22 nehmen wir regelm\u00e4\u00dfig am Bundeswettbewerb Fremdsprachen teil. Der Wettbewerb wird seit 1979 j\u00e4hrlich von der gemeinn\u00fctzigen GmbH Bildung und Begabung ausgeschrieben und vom Bundesministerium f\u00fcr Bildung und Forschung gef\u00f6rdert. Die Aufgabe in der Kategorie \u201eTeam Schule\u201c besteht darin, einen Film oder ein H\u00f6rspiel von maximal zehn Minuten L\u00e4nge zu einem beliebigen Thema in einer oder mehreren Fremdsprachen einzusenden.&nbsp;<\/p>\n\n\n\n<p>Insgesamt vier Mal haben Gruppen aus Sch\u00fclerinnen und Sch\u00fclern der Klassenstufen 8 und 9 mit einem Filmbeitrag das Bundesfinale erreicht. Die Produktion des Films erfolgt im Rahmen des Differenzierungsangebots f\u00fcr Klasse 7 und 8. Hier ein \u00dcberblick \u00fcber die bisherigen Preise:<\/p>\n\n\n\n<figure class=\"wp-block-table\"><table class=\"has-fixed-layout\"><tbody><tr><td><strong>Schuljahr<\/strong><\/td><td><strong>Film<\/strong><\/td><td><strong>Landesfinale<\/strong><\/td><td><strong>Bundesfinale<\/strong><\/td><\/tr><tr><td>2021\/22<\/td><td>The New Girl <br>The Problems of the Youth<br>Written Wishes<\/td><td>Erster Landespreis <br>Zweiter Landespreis<br>Anerkennungspreis<\/td><td>Erster Bundespreis<br>&#8212; &nbsp; <br>&#8212;<\/td><\/tr><tr><td>2022\/23<\/td><td>Money Is the Matter<\/td><td>Zweiter Landespreis<\/td><td>Zweiter Bundespreis<\/td><\/tr><tr><td>2023\/24<\/td><td>A Step Back<\/td><td>Erster Landespreis<\/td><td>Erster Bundespreis<\/td><\/tr><tr><td>2024\/25<\/td><td>Follow the Trend?<\/td><td>Erster Landespreis<\/td><td>&#8212;<\/td><\/tr><\/tbody><\/table><\/figure>\n\n\n\n<figure class=\"wp-block-image size-full\"><img loading=\"lazy\" decoding=\"async\" width=\"2560\" height=\"1920\" src=\"https:\/\/www.stromberg-gymnasium.de\/wordpress\/wp-content\/uploads\/2025\/08\/Praesentation-BW-Fremdsprachen-scaled.jpg\" alt=\"\" class=\"wp-image-32823\" srcset=\"https:\/\/www.stromberg-gymnasium.de\/wordpress\/wp-content\/uploads\/2025\/08\/Praesentation-BW-Fremdsprachen-scaled.jpg 2560w, https:\/\/www.stromberg-gymnasium.de\/wordpress\/wp-content\/uploads\/2025\/08\/Praesentation-BW-Fremdsprachen-300x225.jpg 300w, https:\/\/www.stromberg-gymnasium.de\/wordpress\/wp-content\/uploads\/2025\/08\/Praesentation-BW-Fremdsprachen-768x576.jpg 768w, https:\/\/www.stromberg-gymnasium.de\/wordpress\/wp-content\/uploads\/2025\/08\/Praesentation-BW-Fremdsprachen-1536x1152.jpg 1536w, https:\/\/www.stromberg-gymnasium.de\/wordpress\/wp-content\/uploads\/2025\/08\/Praesentation-BW-Fremdsprachen-2048x1536.jpg 2048w, https:\/\/www.stromberg-gymnasium.de\/wordpress\/wp-content\/uploads\/2025\/08\/Praesentation-BW-Fremdsprachen-360x270.jpg 360w\" sizes=\"auto, (max-width: 2560px) 100vw, 2560px\" \/><figcaption class=\"wp-element-caption\"><em>Roman Fabritius, Erik Behrens und Louis Bronner pr\u00e4sentieren ihren Kurzfilm \u201eFollow the Trend?\u201c \u00fcber TikTok-Challenges am 24. Juni 2025 beim Bundesfinale in Schwerin.<\/em><\/figcaption><\/figure>\n\n\n\n<p><strong>Berichte:<\/strong><\/p>\n\n\n\n<p>2021\/22: <\/p>\n\n\n\n<p><a href=\"https:\/\/www.stromberg-gymnasium.de\/?p=28958\">https:\/\/www.stromberg-gymnasium.de\/?p=28958<\/a><\/p>\n\n\n\n<p><a href=\"https:\/\/www.stromberg-gymnasium.de\/?p=29210\">https:\/\/www.stromberg-gymnasium.de\/?p=29210<\/a><\/p>\n\n\n\n<p><a href=\"https:\/\/www.stromberg-gymnasium.de\/?p=29216\">https:\/\/www.stromberg-gymnasium.de\/?p=29216<\/a><\/p>\n\n\n\n<p><a href=\"https:\/\/www.stromberg-gymnasium.de\/?p=29293\">https:\/\/www.stromberg-gymnasium.de\/?p=29293<\/a><\/p>\n\n\n\n<p>2022\/23: <\/p>\n\n\n\n<p><a href=\"https:\/\/www.stromberg-gymnasium.de\/?p=30159\">https:\/\/www.stromberg-gymnasium.de\/?p=30159<\/a><\/p>\n\n\n\n<p><a href=\"https:\/\/www.stromberg-gymnasium.de\/?p=30400\">https:\/\/www.stromberg-gymnasium.de\/?p=30400<\/a><\/p>\n\n\n\n<p><a href=\"https:\/\/www.stromberg-gymnasium.de\/?p=30424\">https:\/\/www.stromberg-gymnasium.de\/?p=30424<\/a><\/p>\n\n\n\n<p>2023\/24:&nbsp;<\/p>\n\n\n\n<p><a href=\"https:\/\/www.stromberg-gymnasium.de\/?p=31392\">https:\/\/www.stromberg-gymnasium.de\/?p=31392<\/a><\/p>\n\n\n\n<p><a href=\"https:\/\/www.stromberg-gymnasium.de\/?p=31403\">https:\/\/www.stromberg-gymnasium.de\/?p=31403<\/a><\/p>\n\n\n\n<p>2024\/25:&nbsp;<\/p>\n\n\n\n<p><a href=\"https:\/\/www.stromberg-gymnasium.de\/?p=32565\">https:\/\/www.stromberg-gymnasium.de\/?p=32565<\/a><\/p>\n","protected":false},"excerpt":{"rendered":"<p>Bundeswettbewerb Fremdsprachen Seit dem Schuljahr 2021\/22 nehmen wir regelm\u00e4\u00dfig am Bundeswettbewerb Fremdsprachen teil. Der Wettbewerb wird seit 1979 j\u00e4hrlich von der gemeinn\u00fctzigen GmbH Bildung und Begabung ausgeschrieben und vom Bundesministerium f\u00fcr Bildung und Forschung gef\u00f6rdert. Die Aufgabe in der Kategorie <a href=\"https:\/\/www.stromberg-gymnasium.de\/?page_id=27453\" class=\"read-more\">Weiterlesen<\/a><\/p>\n","protected":false},"author":1,"featured_media":0,"parent":0,"menu_order":0,"comment_status":"closed","ping_status":"closed","template":"","meta":{"footnotes":""},"class_list":["post-27453","page","type-page","status-publish","hentry"],"_links":{"self":[{"href":"https:\/\/www.stromberg-gymnasium.de\/index.php?rest_route=\/wp\/v2\/pages\/27453","targetHints":{"allow":["GET"]}}],"collection":[{"href":"https:\/\/www.stromberg-gymnasium.de\/index.php?rest_route=\/wp\/v2\/pages"}],"about":[{"href":"https:\/\/www.stromberg-gymnasium.de\/index.php?rest_route=\/wp\/v2\/types\/page"}],"author":[{"embeddable":true,"href":"https:\/\/www.stromberg-gymnasium.de\/index.php?rest_route=\/wp\/v2\/users\/1"}],"replies":[{"embeddable":true,"href":"https:\/\/www.stromberg-gymnasium.de\/index.php?rest_route=%2Fwp%2Fv2%2Fcomments&post=27453"}],"version-history":[{"count":6,"href":"https:\/\/www.stromberg-gymnasium.de\/index.php?rest_route=\/wp\/v2\/pages\/27453\/revisions"}],"predecessor-version":[{"id":32828,"href":"https:\/\/www.stromberg-gymnasium.de\/index.php?rest_route=\/wp\/v2\/pages\/27453\/revisions\/32828"}],"wp:attachment":[{"href":"https:\/\/www.stromberg-gymnasium.de\/index.php?rest_route=%2Fwp%2Fv2%2Fmedia&parent=27453"}],"curies":[{"name":"wp","href":"https:\/\/api.w.org\/{rel}","templated":true}]}}