{"id":27495,"date":"2021-01-08T08:25:14","date_gmt":"2021-01-08T07:25:14","guid":{"rendered":"https:\/\/www.stromberg-gymnasium.de\/?page_id=27495"},"modified":"2021-01-08T08:25:15","modified_gmt":"2021-01-08T07:25:15","slug":"sprachenzertifikate-spanisch","status":"publish","type":"page","link":"https:\/\/www.stromberg-gymnasium.de\/?page_id=27495","title":{"rendered":"Sprachenzertifikate Spanisch"},"content":{"rendered":"\n<p><strong>DELE-Diplom<\/strong><\/p>\n\n\n\n<p>In Klasse 10 k\u00f6nnen interessierte Sch\u00fclerInnen die Pr\u00fcfung f\u00fcr das international anerkannte Sprachdiplom DELE ablegen und sich so ihre Sprachkenntnisse auf dem Niveau B1 offiziell zertifizieren lassen.<\/p>\n","protected":false},"excerpt":{"rendered":"<p>DELE-Diplom In Klasse 10 k\u00f6nnen interessierte Sch\u00fclerInnen die Pr\u00fcfung f\u00fcr das international anerkannte Sprachdiplom DELE ablegen und sich so ihre Sprachkenntnisse auf dem Niveau B1 offiziell zertifizieren lassen.<\/p>\n","protected":false},"author":1,"featured_media":0,"parent":0,"menu_order":0,"comment_status":"closed","ping_status":"closed","template":"","meta":{"footnotes":""},"class_list":["post-27495","page","type-page","status-publish","hentry"],"_links":{"self":[{"href":"https:\/\/www.stromberg-gymnasium.de\/index.php?rest_route=\/wp\/v2\/pages\/27495","targetHints":{"allow":["GET"]}}],"collection":[{"href":"https:\/\/www.stromberg-gymnasium.de\/index.php?rest_route=\/wp\/v2\/pages"}],"about":[{"href":"https:\/\/www.stromberg-gymnasium.de\/index.php?rest_route=\/wp\/v2\/types\/page"}],"author":[{"embeddable":true,"href":"https:\/\/www.stromberg-gymnasium.de\/index.php?rest_route=\/wp\/v2\/users\/1"}],"replies":[{"embeddable":true,"href":"https:\/\/www.stromberg-gymnasium.de\/index.php?rest_route=%2Fwp%2Fv2%2Fcomments&post=27495"}],"version-history":[{"count":1,"href":"https:\/\/www.stromberg-gymnasium.de\/index.php?rest_route=\/wp\/v2\/pages\/27495\/revisions"}],"predecessor-version":[{"id":27496,"href":"https:\/\/www.stromberg-gymnasium.de\/index.php?rest_route=\/wp\/v2\/pages\/27495\/revisions\/27496"}],"wp:attachment":[{"href":"https:\/\/www.stromberg-gymnasium.de\/index.php?rest_route=%2Fwp%2Fv2%2Fmedia&parent=27495"}],"curies":[{"name":"wp","href":"https:\/\/api.w.org\/{rel}","templated":true}]}}