{"id":3,"date":"2018-06-11T16:54:01","date_gmt":"2018-06-11T14:54:01","guid":{"rendered":"http:\/\/www.stromberg-gymnasium.de\/wordpress\/?page_id=3"},"modified":"2019-01-31T16:33:14","modified_gmt":"2019-01-31T15:33:14","slug":"datenschutzerklaerung","status":"publish","type":"page","link":"https:\/\/www.stromberg-gymnasium.de\/?page_id=3","title":{"rendered":"Datenschutzerkl\u00e4rung"},"content":{"rendered":"<p><strong>1. Verantwortlicher und Datenschutzbeauftragter<\/strong><\/p>\n<p>1.1 Verantwortlicher gem. Art. 4 Abs. 7 EU-Datenschutz-Grundverordnung (EU-DSGVO) ist OStD&#8216; Kranich, Stromberg-Gymnasium, Nebenweg 1, 71665 Vaihingen an der Enz.<\/p>\n<p>1.2 Unseren Datenschutzbeauftragten <strong>StD<\/strong> <strong>Dr. Sch\u00fcly<\/strong> erreichen Sie unter schuely@stromberg-gymnasium.de<\/p>\n<p><strong>2. Information \u00fcber die Erhebung personenbezogener Daten, Speicherdauer<\/strong><\/p>\n<p>2.1 Im Folgenden informieren wir \u00fcber die Erhebung personenbezogener Daten bei Nutzung unserer Website. Personenbezogene Daten sind alle Daten, die auf Sie pers\u00f6nlich beziehbar sind, z. B. Name, Adresse, E-Mail-Adressen, Nutzerverhalten.<\/p>\n<p>2.2 Bei Ihrer Kontaktaufnahme mit uns per E-Mail werden die von Ihnen mitgeteilten Daten (z,B. Ihre E-Mail-Adresse, Ihr Name oder Ihre Telefonnummer) von uns gespeichert, um Ihre Fragen zu beantworten. Die in diesem Zusammenhang anfallenden Daten l\u00f6schen wir, nachdem die Speicherung nicht mehr erforderlich ist, oder schr\u00e4nken die Verarbeitung ein, falls gesetzliche Aufbewahrungspflichten bestehen.<\/p>\n<p><strong>3. Ihre Rechte<\/strong><br \/>\n3.1 Sie haben gegen\u00fcber uns folgende Rechte hinsichtlich der Sie betreffenden personenbezogenen Daten:<br \/>\n\u2013 Recht auf Auskunft,<br \/>\n\u2013 Recht auf Berichtigung oder L\u00f6schung,<br \/>\n\u2013 Recht auf Einschr\u00e4nkung der Verarbeitung,<br \/>\n\u2013 Recht auf Widerspruch gegen die Verarbeitung,<br \/>\n\u2013 Recht auf Daten\u00fcbertragbarkeit.<\/p>\n<p>3.2 Sie haben zudem das Recht, sich bei einer Datenschutz-Aufsichtsbeh\u00f6rde \u00fcber die Verarbeitung Ihrer personenbezogenen Daten durch uns zu beschweren. Die Datenschutzaufsichtsbeh\u00f6rde ist der Landesbeauftragte f\u00fcr den Datenschutz und die Informationsfreiheit (LfDI), K\u00f6nigstrasse 10a, 70173 Stuttgart.<\/p>\n<p><strong>4. Erhebung und Zweck personenbezogener Daten bei Besuch unserer Website<\/strong><br \/>\n4.1 Bei der blo\u00df informatorischen Nutzung der Website, also wenn Sie sich nicht registrieren oder uns anderweitig Informationen \u00fcbermitteln, erheben wir nur die personenbezogenen Daten, die Ihr Browser an unseren Server \u00fcbermittelt. Wenn Sie unsere Website betrachten m\u00f6chten, erheben wir die folgenden Daten, die f\u00fcr uns technisch erforderlich sind, um Ihnen unsere Website anzuzeigen und die Stabilit\u00e4t und Sicherheit zu gew\u00e4hrleisten (Rechtsgrundlage ist Art. 6 Abs. 1 S. 1 lit. f EU-DSGVO):<\/p>\n<ul>\n<li>IP-Adresse<\/li>\n<li>Datum und Uhrzeit der Anfrage<\/li>\n<li>Zeitzonendifferenz zur Greenwich Mean Time (GMT)<\/li>\n<li>Inhalt der Anforderung (konkrete Seite)<\/li>\n<li>Zugriffsstatus\/HTTP-Statuscode<\/li>\n<li>jeweils \u00fcbertragene Datenmenge<\/li>\n<li>Website, von der die Anforderung kommt<\/li>\n<li>Browser<\/li>\n<li>Betriebssystem und dessen Oberfl\u00e4che<\/li>\n<li>Sprache und Version der Browsersoftware.<\/li>\n<\/ul>\n","protected":false},"excerpt":{"rendered":"<p>1. Verantwortlicher und Datenschutzbeauftragter 1.1 Verantwortlicher gem. Art. 4 Abs. 7 EU-Datenschutz-Grundverordnung (EU-DSGVO) ist OStD&#8216; Kranich, Stromberg-Gymnasium, Nebenweg 1, 71665 Vaihingen an der Enz. 1.2 Unseren Datenschutzbeauftragten StD Dr. Sch\u00fcly erreichen Sie unter schuely@stromberg-gymnasium.de 2. Information \u00fcber die Erhebung personenbezogener <a href=\"https:\/\/www.stromberg-gymnasium.de\/?page_id=3\" class=\"read-more\">Weiterlesen<\/a><\/p>\n","protected":false},"author":1,"featured_media":0,"parent":0,"menu_order":0,"comment_status":"closed","ping_status":"closed","template":"","meta":{"footnotes":""},"class_list":["post-3","page","type-page","status-publish","hentry"],"_links":{"self":[{"href":"https:\/\/www.stromberg-gymnasium.de\/index.php?rest_route=\/wp\/v2\/pages\/3","targetHints":{"allow":["GET"]}}],"collection":[{"href":"https:\/\/www.stromberg-gymnasium.de\/index.php?rest_route=\/wp\/v2\/pages"}],"about":[{"href":"https:\/\/www.stromberg-gymnasium.de\/index.php?rest_route=\/wp\/v2\/types\/page"}],"author":[{"embeddable":true,"href":"https:\/\/www.stromberg-gymnasium.de\/index.php?rest_route=\/wp\/v2\/users\/1"}],"replies":[{"embeddable":true,"href":"https:\/\/www.stromberg-gymnasium.de\/index.php?rest_route=%2Fwp%2Fv2%2Fcomments&post=3"}],"version-history":[{"count":2,"href":"https:\/\/www.stromberg-gymnasium.de\/index.php?rest_route=\/wp\/v2\/pages\/3\/revisions"}],"predecessor-version":[{"id":24566,"href":"https:\/\/www.stromberg-gymnasium.de\/index.php?rest_route=\/wp\/v2\/pages\/3\/revisions\/24566"}],"wp:attachment":[{"href":"https:\/\/www.stromberg-gymnasium.de\/index.php?rest_route=%2Fwp%2Fv2%2Fmedia&parent=3"}],"curies":[{"name":"wp","href":"https:\/\/api.w.org\/{rel}","templated":true}]}}