{"id":31832,"date":"2024-11-07T16:16:05","date_gmt":"2024-11-07T15:16:05","guid":{"rendered":"https:\/\/www.stromberg-gymnasium.de\/?page_id=31832"},"modified":"2026-01-15T16:59:18","modified_gmt":"2026-01-15T15:59:18","slug":"informationen-fuer-viertklaesslerinnen-und-viertklaessler","status":"publish","type":"page","link":"https:\/\/www.stromberg-gymnasium.de\/?page_id=31832","title":{"rendered":"Informationen f\u00fcr Viertkl\u00e4sslerinnen und Viertkl\u00e4ssler"},"content":{"rendered":"\n<p>Liebe Eltern,<br>liebe Viertkl\u00e4sslerinnen und Viertkl\u00e4ssler,<\/p>\n\n\n\n<p>wir freuen uns, Sie in diesem Jahr zum Stromberg-Nachmittag wieder an unserer Schule begr\u00fc\u00dfen zu d\u00fcrfen. Am <strong>Freitag, den 30. Januar 2026<\/strong> von <strong>16 bis ca. 18:15 Uhr<\/strong> (siehe Einladung unten) vermitteln wir Ihnen und Ihren Kindern an mehreren Stationen ein Bild von unseren unterschiedlichen p\u00e4dagogischen Angeboten. F\u00fcr die Betreuung von Geschwisterkindern ist an diesem Nachmittag bei uns ebenfalls gesorgt.<\/p>\n\n\n\n<p>Die wichtigsten Informationen \u00fcber unsere Schule und \u00fcber die Anmeldung finden Sie in unserer <strong><a href=\"https:\/\/www.stromberg-gymnasium.de\/wordpress\/wp-content\/uploads\/2026\/01\/Elternbroschuere_2025.pdf\">Elternbrosch\u00fcre<\/a><\/strong>, die Sie hierherunterladen k\u00f6nnen, und selbstverst\u00e4ndlich auch auf unserer Homepage.<\/p>\n\n\n\n<p>Alles Wissenswerte \u00fcber unser Bilinguales Profil k\u00f6nnen Sie <strong><a href=\"https:\/\/www.stromberg-gymnasium.de\/wordpress\/wp-content\/uploads\/2023\/12\/Biliflyer_2024.pdf\">diesem Flyer<\/a><\/strong> entnehmen.<\/p>\n\n\n\n<p>Dar\u00fcber hinaus vermittelt der Film \u201e<strong><a href=\"https:\/\/www.youtube.com\/watch?v=O_LqsJxvnpY\" data-type=\"link\" data-id=\"https:\/\/www.youtube.com\/watch?v=O_LqsJxvnpY\" target=\"_blank\" rel=\"noreferrer noopener\">Das sind WIR!<\/a><\/strong>\u201c von Jonas Dohn (Abitur 2023) aus dem Jahr 2022 einen informativen und unterhaltsamen Eindruck von unserem Schulleben.<\/p>\n\n\n\n<p>Die <strong>Anmeldetage<\/strong> sind in diesem Schuljahr <\/p>\n\n\n\n<p><strong>Montag, 9. M\u00e4rz 2026<\/strong>, 8 &#8211; 12 Uhr und 14 &#8211; 17 Uhr,<br><strong>Dienstag, 10. M\u00e4rz 2026<\/strong>, 8 &#8211; 12 Uhr und 14 &#8211; 17 Uhr,<br><strong>Mittwoch, 11. M\u00e4rz 2026<\/strong>, 8 &#8211; 12 Uhr und<br><strong>Donnerstag, 12. M\u00e4rz 2026<\/strong>, 8 &#8211; 14 Uhr.<br><br>Bitte bringen Sie zur Anmeldung folgende Dokumente mit:<br>&#8211; Bescheinigung der Grundschule<br>&#8211; Geburtsurkunde oder Stammbuch<br>&#8211; falls Anmeldung im bilingualen Profil: Nachweis der Noten in Deutsch und Mathematik Klasse 4 (jeweils die Note gut)<br>Bitte laden Sie das <a href=\"https:\/\/www.stromberg-gymnasium.de\/wordpress\/wp-content\/uploads\/2024\/01\/Schueleraufnahme-2024-Formblatt.pdf\"><strong>Anmeldeformular nach M\u00f6glichkeit hier<\/strong><\/a> vorab von unserer Homepage herunter und bringen Sie dieses am besten schon ausgef\u00fcllt mit an die Schule.<\/p>\n\n\n\n<p>Nun w\u00fcnschen wir Ihnen viel Spa\u00df beim Entdecken und Kennenlernen unserer Angebote \u2013 und eine gute Entscheidung bei der Wahl der am besten geeigneten weiterf\u00fchrenden Schule f\u00fcr Ihr Kind.<\/p>\n\n\n\n<p>Mit allerbesten Gr\u00fc\u00dfen<\/p>\n\n\n\n<p>Katja Kranich, Schulleiterin<\/p>\n\n\n<div class=\"wp-block-image\">\n<figure class=\"aligncenter size-full\"><img loading=\"lazy\" decoding=\"async\" width=\"611\" height=\"857\" src=\"https:\/\/www.stromberg-gymnasium.de\/wordpress\/wp-content\/uploads\/2025\/11\/Einladung-SG-Nachm-1_26.png\" alt=\"\" class=\"wp-image-33022\" srcset=\"https:\/\/www.stromberg-gymnasium.de\/wordpress\/wp-content\/uploads\/2025\/11\/Einladung-SG-Nachm-1_26.png 611w, https:\/\/www.stromberg-gymnasium.de\/wordpress\/wp-content\/uploads\/2025\/11\/Einladung-SG-Nachm-1_26-214x300.png 214w, https:\/\/www.stromberg-gymnasium.de\/wordpress\/wp-content\/uploads\/2025\/11\/Einladung-SG-Nachm-1_26-192x270.png 192w\" sizes=\"auto, (max-width: 611px) 100vw, 611px\" \/><\/figure>\n<\/div>","protected":false},"excerpt":{"rendered":"<p>Liebe Eltern,liebe Viertkl\u00e4sslerinnen und Viertkl\u00e4ssler, wir freuen uns, Sie in diesem Jahr zum Stromberg-Nachmittag wieder an unserer Schule begr\u00fc\u00dfen zu d\u00fcrfen. Am Freitag, den 30. Januar 2026 von 16 bis ca. 18:15 Uhr (siehe Einladung unten) vermitteln wir Ihnen und <a href=\"https:\/\/www.stromberg-gymnasium.de\/?page_id=31832\" class=\"read-more\">Weiterlesen<\/a><\/p>\n","protected":false},"author":1,"featured_media":0,"parent":0,"menu_order":0,"comment_status":"closed","ping_status":"closed","template":"","meta":{"footnotes":""},"class_list":["post-31832","page","type-page","status-publish","hentry"],"_links":{"self":[{"href":"https:\/\/www.stromberg-gymnasium.de\/index.php?rest_route=\/wp\/v2\/pages\/31832","targetHints":{"allow":["GET"]}}],"collection":[{"href":"https:\/\/www.stromberg-gymnasium.de\/index.php?rest_route=\/wp\/v2\/pages"}],"about":[{"href":"https:\/\/www.stromberg-gymnasium.de\/index.php?rest_route=\/wp\/v2\/types\/page"}],"author":[{"embeddable":true,"href":"https:\/\/www.stromberg-gymnasium.de\/index.php?rest_route=\/wp\/v2\/users\/1"}],"replies":[{"embeddable":true,"href":"https:\/\/www.stromberg-gymnasium.de\/index.php?rest_route=%2Fwp%2Fv2%2Fcomments&post=31832"}],"version-history":[{"count":9,"href":"https:\/\/www.stromberg-gymnasium.de\/index.php?rest_route=\/wp\/v2\/pages\/31832\/revisions"}],"predecessor-version":[{"id":33170,"href":"https:\/\/www.stromberg-gymnasium.de\/index.php?rest_route=\/wp\/v2\/pages\/31832\/revisions\/33170"}],"wp:attachment":[{"href":"https:\/\/www.stromberg-gymnasium.de\/index.php?rest_route=%2Fwp%2Fv2%2Fmedia&parent=31832"}],"curies":[{"name":"wp","href":"https:\/\/api.w.org\/{rel}","templated":true}]}}