{"id":355,"date":"2013-03-25T16:13:09","date_gmt":"2013-03-25T15:13:09","guid":{"rendered":"http:\/\/www.stromberg-gymnasium.de\/wp\/?page_id=355"},"modified":"2026-03-07T10:11:32","modified_gmt":"2026-03-07T09:11:32","slug":"informationen-fuer-die-oberstufe","status":"publish","type":"page","link":"https:\/\/www.stromberg-gymnasium.de\/?page_id=355","title":{"rendered":"Informationen f\u00fcr die Oberstufe"},"content":{"rendered":"\n<h1 class=\"wp-block-heading\">Termine<\/h1>\n\n\n\n<ul class=\"wp-block-list\">\n<li>Abiturtermine 2026: <a href=\"https:\/\/www.stromberg-gymnasium.de\/wordpress\/wp-content\/uploads\/2025\/10\/Abitur-2026_Terminplan-Version-4.pdf\">Detailplan<\/a><\/li>\n\n\n\n<li>Termine f\u00fcr die Oberstufe gibt es auch im <a href=\"https:\/\/www.stromberg-gymnasium.de\/?ecwd_calendar=calendar\">allgemeinen Terminplan<\/a><\/li>\n\n\n\n<li><strong>Jahrgangsstufe 1: <\/strong>Klausurenplan 1. Halbjahr, <a href=\"https:\/\/www.stromberg-gymnasium.de\/wordpress\/wp-content\/uploads\/2026\/03\/Klausurenplan-J1.2-Stand-5.3.26.pdf\">Klausurenplan 2. Halbjahr<\/a><\/li>\n\n\n\n<li><strong>Jahrgangsstufe 2: <\/strong>Klausurenplan 1. Halbjahr, <a href=\"https:\/\/www.stromberg-gymnasium.de\/wordpress\/wp-content\/uploads\/2026\/03\/Klausurenplan-J2_2_3_6_26.pdf\">Klausurenplan 2. Halbjahr<\/a><\/li>\n<\/ul>\n\n\n\n<h1 class=\"wp-block-heading\">Ansprechpartner<\/h1>\n\n\n\n<p>F\u00fcr alle Fragen rund um die Oberstufe, z.B.<\/p>\n\n\n\n<ul class=\"wp-block-list\">\n<li>Beratung in Klassenstufe 10 bei der Kurswahl<\/li>\n\n\n\n<li>Stundenplan in der Kursstufe<\/li>\n\n\n\n<li>Schullaufbahnberatung in der Kursstufe (z.B. Fachhochschulreife statt Abitur)<\/li>\n\n\n\n<li>Beratung bei schwachen Leistungen in der Kursstufe<\/li>\n\n\n\n<li>Wahl der Pr\u00fcfungsf\u00e4cher<\/li>\n\n\n\n<li>Abrechnung der Kurse im Abiturzeugnis<\/li>\n\n\n\n<li>&#8230;<\/li>\n<\/ul>\n\n\n\n<p>sind <strong>Herr Wirth<\/strong> (<a href=\"mailto:wirth@stromberg-gymnasium.de\">wirth@stromberg-gymnasium.de<\/a>) und <strong>Herr Acker<\/strong> (<a href=\"mailto:acker@stromberg-gymnasium.de\">acker@stromberg-gymnasium.de<\/a>) zust\u00e4ndig.<\/p>\n\n\n\n<h1 class=\"wp-block-heading\">N\u00fctzliche LINKS<\/h1>\n\n\n\n<ul class=\"wp-block-list\">\n<li><a href=\"https:\/\/www.stromberg-gymnasium.de\/wordpress\/wp-content\/uploads\/2026\/01\/2025-12-16-Leitfaden-ABI-2028.pdf\" target=\"_blank\" rel=\"noreferrer noopener\">Leitfaden Abitur 2028<\/a> (pdf-Datei)<\/li>\n\n\n\n<li>Klasse 10: Hinweise zur Kurswahl (Herr Wirth; Stand Februar 2023): <a href=\"https:\/\/www.stromberg-gymnasium.de\/wordpress\/wp-content\/uploads\/2023\/01\/D_Kurswahl_Abitur_2025-Schuelerversion.pdf\" target=\"_blank\" rel=\"noopener noreferrer\">PDF-Datei<\/a>)<\/li>\n\n\n\n<li>Orientierungstest: <a href=\"http:\/\/www.was-studiere-ich.de\/\" target=\"_blank\" rel=\"noopener noreferrer\">Was studiere ich?<\/a><\/li>\n\n\n\n<li>abi &gt;&gt; fertig &gt;&gt; los &#8211; Das Internet-Portal: <a href=\"http:\/\/www.abi.de\" target=\"_blank\" rel=\"noopener noreferrer\">www.abi.de<\/a><\/li>\n\n\n\n<li>&#8222;Gscheit studiert&#8220; &#8211; eine Initiative zur Studien- und Berufsorientierung an GymnasiumDie Brosch\u00fcre &#8222;Studieninformations- und Orientierungstage der Hochschulen und Berufsakademien des Landes Baden-W\u00fcrttemberg&#8220; gibt es unter folgenden Links:<a href=\"https:\/\/www.studieren-in-bw.de\/\" target=\"_blank\" rel=\"noopener noreferrer\">http:\/\/www.studieninfo-bw.de<\/a><\/li>\n\n\n\n<li><a href=\"https:\/\/mwk.baden-wuerttemberg.de\/de\/service\/publikationen\/\" target=\"_blank\" rel=\"noopener noreferrer\">Publikationen des Ministeriums f\u00fcr Wissenschaft, Forschung und Kunst<\/a><\/li>\n\n\n\n<li><a href=\"https:\/\/www.hs-pforzheim.de\/studium\/beratung_orientierung\" target=\"_blank\" rel=\"noreferrer noopener\">Zentrale Studienberatung der Hochschule Pforzheim<\/a><a name=\"praesentation\"><\/a><\/li>\n\n\n\n<li><a href=\"http:\/\/www.cmh-soft.de\/site\/index.php?m=13\" target=\"_blank\" rel=\"noopener noreferrer\"> Winprosa-Serviceseite f\u00fcr Sch\u00fclerinnen und Sch\u00fcler der Oberstufe<\/a> (mit Abiturterminen)<\/li>\n<\/ul>\n\n\n\n<p><\/p>\n","protected":false},"excerpt":{"rendered":"<p>Termine Ansprechpartner F\u00fcr alle Fragen rund um die Oberstufe, z.B. sind Herr Wirth (wirth@stromberg-gymnasium.de) und Herr Acker (acker@stromberg-gymnasium.de) zust\u00e4ndig. N\u00fctzliche LINKS<\/p>\n","protected":false},"author":1,"featured_media":0,"parent":280,"menu_order":0,"comment_status":"closed","ping_status":"closed","template":"","meta":{"footnotes":""},"class_list":["post-355","page","type-page","status-publish","hentry"],"_links":{"self":[{"href":"https:\/\/www.stromberg-gymnasium.de\/index.php?rest_route=\/wp\/v2\/pages\/355","targetHints":{"allow":["GET"]}}],"collection":[{"href":"https:\/\/www.stromberg-gymnasium.de\/index.php?rest_route=\/wp\/v2\/pages"}],"about":[{"href":"https:\/\/www.stromberg-gymnasium.de\/index.php?rest_route=\/wp\/v2\/types\/page"}],"author":[{"embeddable":true,"href":"https:\/\/www.stromberg-gymnasium.de\/index.php?rest_route=\/wp\/v2\/users\/1"}],"replies":[{"embeddable":true,"href":"https:\/\/www.stromberg-gymnasium.de\/index.php?rest_route=%2Fwp%2Fv2%2Fcomments&post=355"}],"version-history":[{"count":112,"href":"https:\/\/www.stromberg-gymnasium.de\/index.php?rest_route=\/wp\/v2\/pages\/355\/revisions"}],"predecessor-version":[{"id":33334,"href":"https:\/\/www.stromberg-gymnasium.de\/index.php?rest_route=\/wp\/v2\/pages\/355\/revisions\/33334"}],"up":[{"embeddable":true,"href":"https:\/\/www.stromberg-gymnasium.de\/index.php?rest_route=\/wp\/v2\/pages\/280"}],"wp:attachment":[{"href":"https:\/\/www.stromberg-gymnasium.de\/index.php?rest_route=%2Fwp%2Fv2%2Fmedia&parent=355"}],"curies":[{"name":"wp","href":"https:\/\/api.w.org\/{rel}","templated":true}]}}