{"id":377,"date":"2013-03-25T16:32:10","date_gmt":"2013-03-25T15:32:10","guid":{"rendered":"http:\/\/www.stromberg-gymnasium.de\/wp\/?page_id=377"},"modified":"2020-01-31T08:35:12","modified_gmt":"2020-01-31T07:35:12","slug":"streitschlichter","status":"publish","type":"page","link":"https:\/\/www.stromberg-gymnasium.de\/?page_id=377","title":{"rendered":"Streitschlichter"},"content":{"rendered":"<h2><img loading=\"lazy\" decoding=\"async\" class=\"aligncenter size-full wp-image-26034\" src=\"https:\/\/www.stromberg-gymnasium.de\/wordpress\/wp-content\/uploads\/2019\/10\/Streitschlichter.jpg\" alt=\"\" width=\"300\" height=\"142\" \/><\/h2>\n<h2>Zust\u00e4ndig f\u00fcr die Streitschlichtung sind:<\/h2>\n<ul>\n<li><strong>Herr Bertrams<\/strong>, E-Mail: <a href=\"mailto:bertrams@stromberg-gymnasium.de\">bertrams@stromberg-gymnasium.de<\/a><\/li>\n<li><strong>Herr Neulinger<\/strong>, E-Mail: <a href=\"mailto:neulinger@stromberg-gymnasium.de\">neulinger@stromberg-gymnasium.de<\/a><\/li>\n<li><strong>Frau Mrowiec<\/strong>, E-Mail: <a href=\"mailto:mrowiec@stromberg-gymnasium.de\">mrowiec@stromberg-gymnasium.de<\/a><\/li>\n<\/ul>\n<h2>\u201eGemeinsam Br\u00fccken bauen\u201c &#8211; Aufgaben und Ziele der Streitschlichtung<\/h2>\n<h3>Wer sind die Streitschlichter?<\/h3>\n<p><b>Die Streitschlichter (\u201eMediatoren\u201c) sind Sch\u00fclerinnen und Sch\u00fcler, die f\u00fcr diese Funktion an der Schule ausgebildet wurden.<\/b><\/p>\n<h3>Was machen die Streitschlichter?<\/h3>\n<p><b>Die Streitschlichter helfen Konflikte (vornehmlich unter Sch\u00fclerinnen und Sch\u00fclern) gewaltfrei zu l\u00f6sen.<\/b><\/p>\n<h3>Wie funktioniert das?<\/h3>\n<p><b>Sie bieten in Konfliktsituationen ein Vermittlungsgespr\u00e4ch an, das allen am Konflikt Beteiligten hilft, auf gemeinsamem Wege eine akzeptable und verbindliche L\u00f6sung zu finden \u2013 die so genannte \u201eWin-Win-L\u00f6sung\u201c. Ein solches Vermittlungsgespr\u00e4ch nennt man \u201eMediation\u201c und ist vertraulich; das hei\u00dft: es f\u00e4llt unter die Schweigepflicht. Um die Vertraulichkeit zu gew\u00e4hrleisten, findet das Gespr\u00e4ch in einem gesonderten Raum statt.<\/b><\/p>\n<h3>Wie kommt es zu einem Vermittlungsgespr\u00e4ch?<\/h3>\n<p><b>Das Vermittlungsgespr\u00e4ch zwischen zwei (oder mehreren) streitenden Sch\u00fclern l\u00e4sst sich auf verschiedene Weise anbahnen: Zun\u00e4chst versuchen die Schlichter, Konfliktsituationen zu erkennen und gewaltfrei einzuschreiten, bevor Auseinandersetzungen eskalieren und zu aggressiven \u00dcbergriffen f\u00fchren. Sie entsch\u00e4rfen die Situation, indem sie die Kontrahenten beruhigen und ein Vermittlungsgespr\u00e4ch anbieten.<\/b><\/p>\n<p>Sollte in einer Streitsituation kein Schlichter anwesend sein, kann man die Streitschlichter aufsuchen (oder ausrufen lassen) und sie bitten, ein Vermittlungsgespr\u00e4ch einzuleiten. Dies sollte dann aber m\u00f6glichst schnell geschehen. \u00dcberhaupt sollte in jedem Fall ein Gespr\u00e4ch stattfinden, sofern alle am Konflikt Beteiligten damit einverstanden sind.<\/p>\n<h3>Wie l\u00e4uft ein Vermittlungsgespr\u00e4ch ab?<\/h3>\n<p><b>Jeder Kontrahent bekommt einen Schlichter sozusagen als \u201eAnwalt\u201c an seine Seite. Die Schlichter leiten das Gespr\u00e4ch und protokollieren es.<\/b><\/p>\n<p>F\u00fcr ein Vermittlungsgespr\u00e4ch gibt es feste Regeln, die von allen am Gespr\u00e4ch Beteiligten einzuhalten sind. Dazu geh\u00f6ren eine anst\u00e4ndige Begr\u00fc\u00dfung und das Gebot, dass man einander zuh\u00f6rt und sich gegenseitig ausreden l\u00e4sst.<\/p>\n<p>Zun\u00e4chst darf jeder Kontrahent darlegen, was vorgefallen ist und was er seinem Gegen\u00fcber vorwirft. Dann beraten sich beide Seiten mit ihren Schlichtern dar\u00fcber, was sie sich vom jeweils anderen w\u00fcnschen und was sie im Gegenzug zu tun bereit w\u00e4ren, um den Konflikt beizulegen. Anschlie\u00dfend tragen sie diese Vorschl\u00e4ge einander vor und eine L\u00f6sung wird ausgehandelt. Bei gegenseitigem Einverst\u00e4ndnis wird diese L\u00f6sung in einem schriftlichen Vertrag festgehalten. Eine Woche sp\u00e4ter folgt ein Kontrolltermin, um zu pr\u00fcfen, ob auch alle Abmachungen wirklich eingehalten werden.<\/p>\n<h3>Worin liegt der Gewinn einer solchen Schlichtung?<\/h3>\n<p><b>Eine ausgehandelte \u201eWin-Win-L\u00f6sung\u201c bedeutet f\u00fcr die Streitpartner eine L\u00f6sung, bei der es (wie der Begriff schon sagt) keine Verlierer, sondern nur Gewinner gibt. Die Form eines solchen Schlichtungsgespr\u00e4chs erm\u00f6glicht eine Begegnung auf Augenh\u00f6he (ohne disziplinarische Einflussnahme von Lehrern oder Eltern), bei der daher auch niemand f\u00fcrchten muss, sein Gesicht zu verlieren oder schulische Nachteile zu erleiden.\u00a0<\/b><\/p>\n<p>Das Konzept der Sch\u00fclermediation am Stromberg-Gymnasium st\u00e4rkt das selbstst\u00e4ndige, verantwortungsbewusste Handeln der Sch\u00fclerinnen und Sch\u00fcler und tr\u00e4gt somit auch dem Leitbild unserer Schule Rechnung, welches alle, die am Schulleben beteiligt sind, dazu verpflichtet, ihr Handeln nach den Grunds\u00e4tzen von Gewaltfreiheit, gegenseitigem Respekt, Offenheit und Fairness auszurichten.<\/p>\n","protected":false},"excerpt":{"rendered":"<p>Zust\u00e4ndig f\u00fcr die Streitschlichtung sind: Herr Bertrams, E-Mail: bertrams@stromberg-gymnasium.de Herr Neulinger, E-Mail: neulinger@stromberg-gymnasium.de Frau Mrowiec, E-Mail: mrowiec@stromberg-gymnasium.de \u201eGemeinsam Br\u00fccken bauen\u201c &#8211; Aufgaben und Ziele der Streitschlichtung Wer sind die Streitschlichter? Die Streitschlichter (\u201eMediatoren\u201c) sind Sch\u00fclerinnen und Sch\u00fcler, die f\u00fcr diese <a href=\"https:\/\/www.stromberg-gymnasium.de\/?page_id=377\" class=\"read-more\">Weiterlesen<\/a><\/p>\n","protected":false},"author":1,"featured_media":0,"parent":359,"menu_order":0,"comment_status":"closed","ping_status":"closed","template":"","meta":{"footnotes":""},"class_list":["post-377","page","type-page","status-publish","hentry"],"_links":{"self":[{"href":"https:\/\/www.stromberg-gymnasium.de\/index.php?rest_route=\/wp\/v2\/pages\/377","targetHints":{"allow":["GET"]}}],"collection":[{"href":"https:\/\/www.stromberg-gymnasium.de\/index.php?rest_route=\/wp\/v2\/pages"}],"about":[{"href":"https:\/\/www.stromberg-gymnasium.de\/index.php?rest_route=\/wp\/v2\/types\/page"}],"author":[{"embeddable":true,"href":"https:\/\/www.stromberg-gymnasium.de\/index.php?rest_route=\/wp\/v2\/users\/1"}],"replies":[{"embeddable":true,"href":"https:\/\/www.stromberg-gymnasium.de\/index.php?rest_route=%2Fwp%2Fv2%2Fcomments&post=377"}],"version-history":[{"count":4,"href":"https:\/\/www.stromberg-gymnasium.de\/index.php?rest_route=\/wp\/v2\/pages\/377\/revisions"}],"predecessor-version":[{"id":26528,"href":"https:\/\/www.stromberg-gymnasium.de\/index.php?rest_route=\/wp\/v2\/pages\/377\/revisions\/26528"}],"up":[{"embeddable":true,"href":"https:\/\/www.stromberg-gymnasium.de\/index.php?rest_route=\/wp\/v2\/pages\/359"}],"wp:attachment":[{"href":"https:\/\/www.stromberg-gymnasium.de\/index.php?rest_route=%2Fwp%2Fv2%2Fmedia&parent=377"}],"curies":[{"name":"wp","href":"https:\/\/api.w.org\/{rel}","templated":true}]}}