{"id":381,"date":"2013-03-25T16:44:38","date_gmt":"2013-03-25T15:44:38","guid":{"rendered":"http:\/\/www.stromberg-gymnasium.de\/wp\/?page_id=381"},"modified":"2026-03-31T08:13:49","modified_gmt":"2026-03-31T06:13:49","slug":"bogy","status":"publish","type":"page","link":"https:\/\/www.stromberg-gymnasium.de\/?page_id=381","title":{"rendered":"Berufs- und Studienorientierung"},"content":{"rendered":"<div class=\"sg\" style=\"text-align: justify;\">\n<p><strong><span style=\"color: #7ab51d;\">BOGY<\/span><\/strong> steht f\u00fcr <strong><span style=\"color: #7ab51d;\">B<\/span><\/strong>erufs<strong><span style=\"color: #7ab51d;\">O<\/span><\/strong>rientierung am <strong><span style=\"color: #7ab51d;\">GY<\/span><\/strong>mnasium. Wir wollen mit der Studien- und Berufsberatung den Sch\u00fclern unterst\u00fctzen, <strong>rechtzeitig vor dem Abitur<\/strong> eine qualifizierte Berufswahl- und Studienentscheidung treffen zu k\u00f6nnen. Insbesondere im WBS-Unterricht und in speziellen Modulen in der Kursstufe begleiten wir die Sch\u00fcler in ihrem Reflexionsprozess. Unser BOGY-Konzept besteht aus der <strong>Motivationsstufe in den Klassen 8 und 9 (1.)<\/strong>, der <strong>Orientierungsstufe in Klasse 10\u00a0(2.)\u00a0<\/strong>und der <strong>Konkretisierungsstufe in der Kursstufe\u00a0(3.\/4.).<img loading=\"lazy\" decoding=\"async\" class=\"aligncenter size-full wp-image-26036\" src=\"https:\/\/www.stromberg-gymnasium.de\/wordpress\/wp-content\/uploads\/2019\/10\/was-macht-bogy.png\" alt=\"\" width=\"429\" height=\"301\" srcset=\"https:\/\/www.stromberg-gymnasium.de\/wordpress\/wp-content\/uploads\/2019\/10\/was-macht-bogy.png 429w, https:\/\/www.stromberg-gymnasium.de\/wordpress\/wp-content\/uploads\/2019\/10\/was-macht-bogy-300x210.png 300w, https:\/\/www.stromberg-gymnasium.de\/wordpress\/wp-content\/uploads\/2019\/10\/was-macht-bogy-360x253.png 360w\" sizes=\"auto, (max-width: 429px) 100vw, 429px\" \/><\/strong><\/p>\n<ul>\n<li>Diese <strong><a href=\"#uebersicht\">Grafik<\/a> <\/strong>gibt Ihnen einen <strong><strong>\u00dcberblick \u00fcber die verschiedenen Elemente des progressiven BOGY-Prozesses am Stromberg-Gymnasium.<\/strong><\/strong><\/li>\n<li>Weiterf\u00fchrende Links, Formulare und unterst\u00fctzende Materialien k\u00f6nnen die Sch\u00fclerinnen und Sch\u00fcler \u00fcber den <strong><a href=\"https:\/\/moodle.stromberg-gymnasium.de\/moodle\">Moodle-Bereich<\/a> <\/strong>herunterladen.<\/li>\n<li><strong><a href=\"#besonders\">Hier<\/a><\/strong> erhalten Sie Informationen zu den <strong>Besonderheiten des BOGY-Konzepts<\/strong> am Stromberg-Gymnasium.<\/li>\n<\/ul>\n<p><strong>BOGY-Beauftragter <\/strong>ist <strong>Herr Hofer <\/strong>(<a href=\"mailto:hofer@stromberg-gymnasium.de\">hofer@stromberg-gymnasium.de<\/a>). Unsere Tandempartnerin von der Arbeitsagentur ist <a href=\"https:\/\/www.arbeitsagentur.de\/vor-ort\/ludwigsburg\/stromberg-gymnasium\"><b>Frau\u00a0<\/b><span style=\"font-weight: 600;\">K\u00f6lle<\/span><\/a><b>\u00a0<\/b> (<a href=\"mailto:ludwigsburg.berufsberatung@arbeitsagentur.de\">ludwigsburg.berufsberatung@arbeitsagentur.de<\/a>)<\/p>\n<p><strong>Das BOGY-Konzept des Stromberg-Gymnasiums beinhaltet folgende Elemente:<\/strong><\/p>\n<p><img loading=\"lazy\" decoding=\"async\" class=\"aligncenter wp-image-31281\" src=\"https:\/\/www.stromberg-gymnasium.de\/wordpress\/wp-content\/uploads\/2024\/03\/Bildschirmfoto-2024-03-11-um-08.41.28-209x300.png\" alt=\"\" width=\"700\" height=\"1004\" srcset=\"https:\/\/www.stromberg-gymnasium.de\/wordpress\/wp-content\/uploads\/2024\/03\/Bildschirmfoto-2024-03-11-um-08.41.28-209x300.png 209w, https:\/\/www.stromberg-gymnasium.de\/wordpress\/wp-content\/uploads\/2024\/03\/Bildschirmfoto-2024-03-11-um-08.41.28-768x1101.png 768w, https:\/\/www.stromberg-gymnasium.de\/wordpress\/wp-content\/uploads\/2024\/03\/Bildschirmfoto-2024-03-11-um-08.41.28-188x270.png 188w, https:\/\/www.stromberg-gymnasium.de\/wordpress\/wp-content\/uploads\/2024\/03\/Bildschirmfoto-2024-03-11-um-08.41.28.png 950w\" sizes=\"auto, (max-width: 700px) 100vw, 700px\" \/><\/p>\n<p><strong>Das BOGY-Konzept des Stromberg-Gymnasiums zeichnet sich durch folgende Besonderheiten aus:<\/strong><\/p>\n<div id=\"besonders\">\n<ul>\n<li><strong>BOGY-Portfolio:<\/strong> Die Sch\u00fclerinnen und Sch\u00fcler f\u00fchren von der Klassenstufe 9 bis zum Abitur eine Mappe, in der sie ihren Reflexionsprozess dokumentieren und systematisieren.<\/li>\n<li><strong>Tage der beruflichen Orientierung: <\/strong>Ausgehend von einer \u00a0Pers\u00f6nlichkeitsanalyse entwickeln die Sch\u00fclerinnen und Sch\u00fcler der zehnten Klassen erste Ideen f\u00fcr passende Berufs- und Studienm\u00f6glichkeiten, informieren sich \u00fcber die unterschiedlichen Ausbildungsg\u00e4nge und kommen ins Gespr\u00e4ch mit Vertreterinnen und Vertretern aus der Berufs- und Arbeitswelt.<\/li>\n<li><strong>BOGY-Newsletter: <\/strong>Auf einem digitalen Board werden r<span class=\"apple-converted-space\">egelm\u00e4\u00dfig <\/span>interessante Angebote von Hochschulen, Unternehmen und Institutionen, wie der Agentur f\u00fcr Arbeit oder der IHK, geb\u00fcndelt zusammengefasst. Den Newsletter k\u00f6nnen Sie \u00fcber diesen <a href=\"https:\/\/kmz-lb.taskcards.app\/#\/board\/1d1ac8db-d00a-43a4-929d-5cc37a3e1751\/view\"><strong>Link<\/strong><\/a> abrufen.<\/li>\n<li><strong>Differenzierung:<\/strong> Die Sch\u00fclerinnen und Sch\u00fcler der Jahrgangsstufen erhalten einen auf ihren individuellen Bedarf angepassten Beratungsbogen, der auf hilfreiche Materialien, Tools und Angebote verweist.<\/li>\n<li><strong>Ausbildungs- und Studienmesse: <\/strong>Im Rahmen der &#8222;<span class=\"searchHighlight\">vocatium<\/span> Stuttgart&#8220; k\u00f6nnen sich die Sch\u00fclerinnen und Sch\u00fcler der Jahrgangsstufe 1 bei Unternehmen, Beratungseinrichtungen sowie Hoch- und Fachschulen pers\u00f6nlich \u00fcber Ausbildungs- und Studienm\u00f6glichkeiten informieren.<\/li>\n<li><strong>BOGY-Zertifikat:<\/strong> Am Ende der Jahrgangsstufe 2 k\u00f6nnen die Sch\u00fclerinnen und Sch\u00fcler das BOGY-Zertifikat des Stromberg-Gymnasiums erwerben.<\/li>\n<li><strong>BEST-Seminare:<\/strong> Das Stromberg-Gymnasium bietet f\u00fcr die Sch\u00fclerinnen und Sch\u00fcler der Kursstufe in Kooperation mit der Bundesagentur f\u00fcr Arbeit freiwillige, zweit\u00e4gige BEST-Seminare an. <strong>Link: <a href=\"http:\/\/bw-best.de\">bw-best.de<\/a><\/strong><\/li>\n<li><strong>Arbeitswelt erleben:<\/strong> Auch im Fachunterricht k\u00f6nnen die Sch\u00fclerinnen und Sch\u00fcler die Berufs- und Arbeitswelt aktiv erleben: \u00fcber die Teilnahme an Wettbewerben und\/oder Betriebsbesichtigungen.<\/li>\n<li><strong>Boris-Siegel:<\/strong> Das Stromberg-Gymnasium wurde im Jahr 2013 \u201eaufgrund der hervorragenden und umfassenden Ma\u00dfnahmen zur Berufsorientierung mit dem Berufswahlsiegel ausgezeichnet\u201c (Auszug aus dem Schreiben der IHK Hochrhein-Bodensee). In den Jahren 2016 und 2021 hat unsere Schule erfolgreich am Rezertifizierungs-Prozess teilgenommen. <strong>Link: <\/strong><a href=\"http:\/\/www.boris-bw.de\/\"><strong>boris-bw.de<\/strong><\/a><\/li>\n<\/ul>\n<\/div>\n<\/div>\n","protected":false},"excerpt":{"rendered":"<p>BOGY steht f\u00fcr BerufsOrientierung am GYmnasium. Wir wollen mit der Studien- und Berufsberatung den Sch\u00fclern unterst\u00fctzen, rechtzeitig vor dem Abitur eine qualifizierte Berufswahl- und Studienentscheidung treffen zu k\u00f6nnen. Insbesondere im WBS-Unterricht und in speziellen Modulen in der Kursstufe begleiten wir <a href=\"https:\/\/www.stromberg-gymnasium.de\/?page_id=381\" class=\"read-more\">Weiterlesen<\/a><\/p>\n","protected":false},"author":1,"featured_media":0,"parent":359,"menu_order":0,"comment_status":"closed","ping_status":"closed","template":"","meta":{"footnotes":""},"class_list":["post-381","page","type-page","status-publish","hentry"],"_links":{"self":[{"href":"https:\/\/www.stromberg-gymnasium.de\/index.php?rest_route=\/wp\/v2\/pages\/381","targetHints":{"allow":["GET"]}}],"collection":[{"href":"https:\/\/www.stromberg-gymnasium.de\/index.php?rest_route=\/wp\/v2\/pages"}],"about":[{"href":"https:\/\/www.stromberg-gymnasium.de\/index.php?rest_route=\/wp\/v2\/types\/page"}],"author":[{"embeddable":true,"href":"https:\/\/www.stromberg-gymnasium.de\/index.php?rest_route=\/wp\/v2\/users\/1"}],"replies":[{"embeddable":true,"href":"https:\/\/www.stromberg-gymnasium.de\/index.php?rest_route=%2Fwp%2Fv2%2Fcomments&post=381"}],"version-history":[{"count":31,"href":"https:\/\/www.stromberg-gymnasium.de\/index.php?rest_route=\/wp\/v2\/pages\/381\/revisions"}],"predecessor-version":[{"id":33423,"href":"https:\/\/www.stromberg-gymnasium.de\/index.php?rest_route=\/wp\/v2\/pages\/381\/revisions\/33423"}],"up":[{"embeddable":true,"href":"https:\/\/www.stromberg-gymnasium.de\/index.php?rest_route=\/wp\/v2\/pages\/359"}],"wp:attachment":[{"href":"https:\/\/www.stromberg-gymnasium.de\/index.php?rest_route=%2Fwp%2Fv2%2Fmedia&parent=381"}],"curies":[{"name":"wp","href":"https:\/\/api.w.org\/{rel}","templated":true}]}}