{"id":416,"date":"2013-03-25T17:01:09","date_gmt":"2013-03-25T16:01:09","guid":{"rendered":"http:\/\/www.stromberg-gymnasium.de\/wp\/?page_id=416"},"modified":"2024-09-24T14:58:24","modified_gmt":"2024-09-24T12:58:24","slug":"unterstuetzung","status":"publish","type":"page","link":"https:\/\/www.stromberg-gymnasium.de\/?page_id=416","title":{"rendered":"Unterst\u00fctzung"},"content":{"rendered":"<div class=\"nou\">\n<div id=\"text\">\n<h1>Zus\u00e4tzliche Leistungen f\u00fcr Sch\u00fcler gem\u00e4\u00df Schulbedarfspaket<\/h1>\n<p>Durch das Gesetz zur F\u00f6rderung von Familien und haushaltsnahen Dienstleistungen (Familienleistungsgesetz &#8211; FamLeistG) vom 22. Dezember 2008 (BGBl. I, S. 2955) wurde f\u00fcr hilfsbed\u00fcrftige Kinder und Jugendliche aus Familien, die auf Leistungen zum Lebensunterhalt nach SGB II oder SGB XII angewiesen sind, eine zus\u00e4tzliche Leistung in H\u00f6he von 100,00 \u20ac eingef\u00fchrt, die bis zum Abschluss der Jahrgangsstufe 10 gew\u00e4hrt wird und zum Schuljahresanfang ausbezahlt wird.<\/p>\n<p>Nach der Gesetzesbegr\u00fcndung dient diese Leistung insbesondere dem Erwerb von Gegenst\u00e4nden der pers\u00f6nlichen Ausstattung (z.B. Schulranzen, Schulrucksack, Turnbeutel, Turnzeug, Blockfl\u00f6ten) und f\u00fcr Schreib-, Rechen- und Zeichenmaterial (z.B. F\u00fcller einschlie\u00dflich Patronen, Stifte jeglicher Art, Malk\u00e4sten, Hefte, Bl\u00f6cke, Lineale, Buchh\u00fcllen, Zirkel, Taschenrechner). Die Beh\u00f6rden vor Ort k\u00f6nnen sich nachweisen lassen, dass das Geld f\u00fcr Schulmaterial ausgegeben wurde.<\/p>\n<\/div>\n<\/div>\n","protected":false},"excerpt":{"rendered":"<p>Zus\u00e4tzliche Leistungen f\u00fcr Sch\u00fcler gem\u00e4\u00df Schulbedarfspaket Durch das Gesetz zur F\u00f6rderung von Familien und haushaltsnahen Dienstleistungen (Familienleistungsgesetz &#8211; FamLeistG) vom 22. Dezember 2008 (BGBl. I, S. 2955) wurde f\u00fcr hilfsbed\u00fcrftige Kinder und Jugendliche aus Familien, die auf Leistungen zum Lebensunterhalt <a href=\"https:\/\/www.stromberg-gymnasium.de\/?page_id=416\" class=\"read-more\">Weiterlesen<\/a><\/p>\n","protected":false},"author":1,"featured_media":0,"parent":359,"menu_order":0,"comment_status":"closed","ping_status":"closed","template":"","meta":{"footnotes":""},"class_list":["post-416","page","type-page","status-publish","hentry"],"_links":{"self":[{"href":"https:\/\/www.stromberg-gymnasium.de\/index.php?rest_route=\/wp\/v2\/pages\/416","targetHints":{"allow":["GET"]}}],"collection":[{"href":"https:\/\/www.stromberg-gymnasium.de\/index.php?rest_route=\/wp\/v2\/pages"}],"about":[{"href":"https:\/\/www.stromberg-gymnasium.de\/index.php?rest_route=\/wp\/v2\/types\/page"}],"author":[{"embeddable":true,"href":"https:\/\/www.stromberg-gymnasium.de\/index.php?rest_route=\/wp\/v2\/users\/1"}],"replies":[{"embeddable":true,"href":"https:\/\/www.stromberg-gymnasium.de\/index.php?rest_route=%2Fwp%2Fv2%2Fcomments&post=416"}],"version-history":[{"count":1,"href":"https:\/\/www.stromberg-gymnasium.de\/index.php?rest_route=\/wp\/v2\/pages\/416\/revisions"}],"predecessor-version":[{"id":31781,"href":"https:\/\/www.stromberg-gymnasium.de\/index.php?rest_route=\/wp\/v2\/pages\/416\/revisions\/31781"}],"up":[{"embeddable":true,"href":"https:\/\/www.stromberg-gymnasium.de\/index.php?rest_route=\/wp\/v2\/pages\/359"}],"wp:attachment":[{"href":"https:\/\/www.stromberg-gymnasium.de\/index.php?rest_route=%2Fwp%2Fv2%2Fmedia&parent=416"}],"curies":[{"name":"wp","href":"https:\/\/api.w.org\/{rel}","templated":true}]}}