{"id":439,"date":"2013-03-25T17:13:02","date_gmt":"2013-03-25T16:13:02","guid":{"rendered":"http:\/\/www.stromberg-gymnasium.de\/wp\/?page_id=439"},"modified":"2019-10-31T11:37:46","modified_gmt":"2019-10-31T10:37:46","slug":"projekte","status":"publish","type":"page","link":"https:\/\/www.stromberg-gymnasium.de\/?page_id=439","title":{"rendered":"Projekte"},"content":{"rendered":"<h1>Projekttage 2016\/17<\/h1>\n<ul>\n<li><a href=\"https:\/\/www.stromberg-gymnasium.de\/wp\/wp-content\/uploads\/2017\/01\/infobrief-homepage.pdf\">Informationen zu den Projekttagen<\/a><\/li>\n<li><a href=\"https:\/\/www.stromberg-gymnasium.de\/wp\/wp-content\/uploads\/2017\/01\/projektanmeldung-2017.docx\">Anmeldungsbogen f\u00fcr ein eigenes Projekt<\/a><\/li>\n<\/ul>\n<p>Ab dem <strong>Schuljahr 2012\/13<\/strong> finden Sie Berichte von Projekten \u00fcber die Schlagwortsuche auf der Startseite, <strong>Schlagwort &#8222;Projekte&#8220;<\/strong><\/p>\n<h1>Projekt: Schule als Staat<\/h1>\n<p>(wird \u00fcberarbeitet)<\/p>\n<h1>Sch\u00fclerfirma F\u00c4RA<\/h1>\n<h2><strong>F\u00c4RA? Was ist das?<\/strong><\/h2>\n<p style=\"text-align: justify;\"><img loading=\"lazy\" decoding=\"async\" class=\"size-full wp-image-26032 alignleft\" src=\"https:\/\/www.stromberg-gymnasium.de\/wordpress\/wp-content\/uploads\/2019\/10\/faera_logo.jpg\" alt=\"\" width=\"300\" height=\"177\" \/>F\u00c4RA ist der Name unserer nachhaltigen Sch\u00fclerfirma mit dem Slogan \u201ePlanty of Green\u201c, die im Schuljahr 2014 \/ 2015 gegr\u00fcndet wurde.<\/p>\n<p style=\"text-align: justify;\">Wir besch\u00e4ftigen uns mit nachhaltigem Wirtschaften, d.h. unsere Produkte (selbst designte T-Shirts und Taschen) werden umweltfreundlich (Bio-Baumwolle, GOTS-zertifiziert) und unter fairen Arbeitsbedingungen hergestellt (keine Kinderarbeit, faire L\u00f6hne f\u00fcr die Arbeiter, FAIR WEAR Foundation-zertifiziert). Beim fairen Fr\u00fchst\u00fcck im Vaihinger Rathaus bieten wir faire, biologisch angebaute und regionale Produkte an.<\/p>\n<p style=\"text-align: justify;\">Wir sind eine S-GmbH, d.h. alle Gesellschafter der Firma sind ehrenamtlich arbeitende Sch\u00fclerinnen und Sch\u00fcler. Wir k\u00fcmmern uns selbst\u00e4ndig um alle Bereiche, die zu einer Firma dazugeh\u00f6ren, wie z. B. Marketing, Finanzen, Personalwesen, \u00d6ffentlichkeitsarbeit.<\/p>\n<p style=\"text-align: justify;\">Wir suchen uns j\u00e4hrlich bestimmte regionale, nachhaltige Projekte aus, die wir durch Spenden aus unseren Gewinnen unterst\u00fctzen. Uns ist dabei wichtig, dass wir einen pers\u00f6nlichen Bezug und Ansprechpartner bei den Projekten haben, damit wir sehen, wie unsere Spende eingesetzt wird.<\/p>\n<p style=\"text-align: justify;\">Unsere bisherigen Spendenprojekte:<\/p>\n<ul>\n<li style=\"text-align: justify;\">T-Shirt-Spende von 197 \u20ac\u00a0an die Schule im Gr\u00f6ninger Weg in Bietigheim-Bissingen (Schule f\u00fcr geistig behinderte Kinder und Jugendliche)<\/li>\n<li style=\"text-align: justify;\">Pflanzung des 5er-Baums<\/li>\n<\/ul>\n<h2><strong>F\u00c4RA &#8211; Wer sind wir? <\/strong><\/h2>\n<p>[Aktualisierung folgt]<\/p>\n","protected":false},"excerpt":{"rendered":"<p>Projekttage 2016\/17 Informationen zu den Projekttagen Anmeldungsbogen f\u00fcr ein eigenes Projekt Ab dem Schuljahr 2012\/13 finden Sie Berichte von Projekten \u00fcber die Schlagwortsuche auf der Startseite, Schlagwort &#8222;Projekte&#8220; Projekt: Schule als Staat (wird \u00fcberarbeitet) Sch\u00fclerfirma F\u00c4RA F\u00c4RA? Was ist das? <a href=\"https:\/\/www.stromberg-gymnasium.de\/?page_id=439\" class=\"read-more\">Weiterlesen<\/a><\/p>\n","protected":false},"author":1,"featured_media":0,"parent":280,"menu_order":0,"comment_status":"closed","ping_status":"closed","template":"","meta":{"footnotes":""},"class_list":["post-439","page","type-page","status-publish","hentry"],"_links":{"self":[{"href":"https:\/\/www.stromberg-gymnasium.de\/index.php?rest_route=\/wp\/v2\/pages\/439","targetHints":{"allow":["GET"]}}],"collection":[{"href":"https:\/\/www.stromberg-gymnasium.de\/index.php?rest_route=\/wp\/v2\/pages"}],"about":[{"href":"https:\/\/www.stromberg-gymnasium.de\/index.php?rest_route=\/wp\/v2\/types\/page"}],"author":[{"embeddable":true,"href":"https:\/\/www.stromberg-gymnasium.de\/index.php?rest_route=\/wp\/v2\/users\/1"}],"replies":[{"embeddable":true,"href":"https:\/\/www.stromberg-gymnasium.de\/index.php?rest_route=%2Fwp%2Fv2%2Fcomments&post=439"}],"version-history":[{"count":3,"href":"https:\/\/www.stromberg-gymnasium.de\/index.php?rest_route=\/wp\/v2\/pages\/439\/revisions"}],"predecessor-version":[{"id":26037,"href":"https:\/\/www.stromberg-gymnasium.de\/index.php?rest_route=\/wp\/v2\/pages\/439\/revisions\/26037"}],"up":[{"embeddable":true,"href":"https:\/\/www.stromberg-gymnasium.de\/index.php?rest_route=\/wp\/v2\/pages\/280"}],"wp:attachment":[{"href":"https:\/\/www.stromberg-gymnasium.de\/index.php?rest_route=%2Fwp%2Fv2%2Fmedia&parent=439"}],"curies":[{"name":"wp","href":"https:\/\/api.w.org\/{rel}","templated":true}]}}