{"id":445,"date":"2013-03-25T17:20:12","date_gmt":"2013-03-25T16:20:12","guid":{"rendered":"http:\/\/www.stromberg-gymnasium.de\/wp\/?page_id=445"},"modified":"2025-09-23T17:34:16","modified_gmt":"2025-09-23T15:34:16","slug":"445-2","status":"publish","type":"page","link":"https:\/\/www.stromberg-gymnasium.de\/?page_id=445","title":{"rendered":"AGs und weitere Lernangebote"},"content":{"rendered":"\n<h1 class=\"wp-block-heading\">AG-Angebot im Schuljahr 2025\/26<\/h1>\n\n\n\n<p class=\"has-text-align-left\">\n<table id=\"tablepress-2\" class=\"tablepress tablepress-id-2\">\n<thead>\n<tr class=\"row-1\">\n\t<th class=\"column-1\">Name der AG<\/th><th class=\"column-2\">Leitende\/r Lehrer\/in<\/th><th class=\"column-3\">Zeit und Ort<\/th><th class=\"column-4\">Informations\u00fcbersicht<\/th>\n<\/tr>\n<\/thead>\n<tbody class=\"row-striping row-hover\">\n<tr class=\"row-2\">\n\t<td class=\"column-1\">Singtreff Kl. 5 und 6<\/td><td class=\"column-2\">Frau F\u00f6rnzler<\/td><td class=\"column-3\">Freitag, 7. Stunde <\/td><td class=\"column-4\"><a href=\"https:\/\/www.stromberg-gymnasium.de\/wordpress\/wp-content\/uploads\/2025\/09\/AG-Ankuendigung-Singtreff-Kl.-5u6-Foe-9-25.pdf\">Ank\u00fcndigung Singtreff<\/a><br \/>\n<\/td>\n<\/tr>\n<tr class=\"row-3\">\n\t<td class=\"column-1\">Orchester<\/td><td class=\"column-2\">Herr Hohensee<\/td><td class=\"column-3\">Mittwoch, 7. Stunde<\/td><td class=\"column-4\"><\/td>\n<\/tr>\n<tr class=\"row-4\">\n\t<td class=\"column-1\">Big Band<\/td><td class=\"column-2\">Herr Stein<\/td><td class=\"column-3\">Mittwoch, 7. Stunde<\/td><td class=\"column-4\"><a href=\"https:\/\/www.stromberg-gymnasium.de\/wordpress\/wp-content\/uploads\/2025\/09\/Ausschreibung-Big-Band-2025_26.pdf\">Ank\u00fcndigung Big Band<\/a><\/td>\n<\/tr>\n<tr class=\"row-5\">\n\t<td class=\"column-1\">Chor conTakt (Kl. 7-J2)<br \/>\n<\/td><td class=\"column-2\">Frau Lessle; <br \/>\nKontakt am SG: Frau F\u00f6rnzler<\/td><td class=\"column-3\">Donnerstag, 17:45 \u2013 18:45<\/td><td class=\"column-4\"><a href=\"https:\/\/www.stromberg-gymnasium.de\/wordpress\/wp-content\/uploads\/2025\/09\/AG-Ankuendigung-Chor-conTakt-SJ-25-26.pdf\">Ank\u00fcndigung Chor conTakt<\/a><\/td>\n<\/tr>\n<\/tbody>\n<\/table>\n<\/p>\n\n\n\n<p>Weitere Angebote im Musik- und Theaterbereich sowie im Bereich der Informatik enth\u00e4lt unsere <a href=\"https:\/\/www.stromberg-gymnasium.de\/?page_id=20093\">Differenzierung<\/a>.<\/p>\n\n\n\n<h1 class=\"wp-block-heading\"><strong>LiSa<\/strong>&nbsp; &#8211;&nbsp; <strong>L<\/strong>ernbegleitung <strong>i<\/strong>m <strong>S<\/strong>tromberg-Gymn<strong>a<\/strong>sium<\/h1>\n\n\n\n<p>In den Kernf\u00e4chern Mathematik, Englisch, Franz\u00f6sisch und Deutsch bietet das Stromberg-Gymnasium die LiSa-Lernbegleitung an. Dieses schulische F\u00f6rderangebot in Kleingruppen (minimal 1 Sch\u00fcler, maximal 5 Sch\u00fcler derselben Klasse pro Lernbegleiter) richtet sich an Sch\u00fclerinnen und Sch\u00fcler der Jahrgangsstufen 5 bis 9, die ihre Leistungen verbessern wollen. Die LiSa-Lernbegleitenden unterst\u00fctzen die teilnehmenden Sch\u00fclerinnen und Sch\u00fcler dabei, den Unterrichtsstoff zu vertiefen und Defizite aufzuarbeiten. Sie beantworten Fragen zum aktuellen Lernstoff und festigen ihn durch zus\u00e4tzliche \u00dcbungen. Im Bedarfsfall leisten die Lernbegleitenden auch Hilfestellung bei den Hausaufgaben.<\/p>\n\n\n\n<p><b>Weitere Informationen zur Anmeldung im Schuljahr 2025\/26 finden Sie hier: <a href=\"https:\/\/www.stromberg-gymnasium.de\/wordpress\/wp-content\/uploads\/2023\/09\/LiSa-Lernbegleitung-Anmeldeinfos-SJ23-24.pdf\">L<\/a><a href=\"https:\/\/www.stromberg-gymnasium.de\/wordpress\/wp-content\/uploads\/2025\/09\/LiSa-Anmeldeinfos-SJ-25-26.pdf\">iSa-Info<\/a><\/b><\/p>\n\n\n\n<figure class=\"wp-block-table\"><table><tbody><tr><th>\n<div align=\"left\">Zielgruppe:<\/div>\n<\/th><td>\n<div align=\"left\">Interessierte Sch\u00fclerinnen und Sch\u00fcler der Klassenstufen 5-9<\/div>\n<\/td><\/tr><tr><th>\n<div align=\"left\">Leitung:<\/div>\n<\/th><td>\n<div align=\"left\">Sch\u00fclerinnen und Sch\u00fcler der Klassenstufen 10 \/ J1 \/ J2<\/div>\n<\/td><\/tr><tr><th>\n<div align=\"left\">Ort\/ Zeit:<\/div>\n<\/th><td><div align=\"left\">einmal w\u00f6chentlich in der 7. Stunde<br>(Wochentag und Raum nach Absprache, Raumplan folgt nach Einteilung der Lerngruppen),<br><b>Beginn der LiSa-Lernbegleitung in der <em>zweiten<\/em> Woche nach den Herbstferien<\/b><\/div><\/td><\/tr><tr><th>\n<div align=\"left\">Ansprechpartnerin<\/div>\n<\/th><td>\n<div align=\"left\"><strong>Frau F\u00f6rnzler<\/strong><\/div>\n<\/td><\/tr><\/tbody><\/table><\/figure>\n\n\n\n<p>Die Lernbegleitenden werden \u00fcber das Hausaufgabenbetreuungsangebot des Landes finanziert und von Lehrkr\u00e4ften in ihre Arbeit eingewiesen. Teilnehmende bezahlen einmalig pro Jahr einen Sch\u00fclerbeitrag von 10,00 Euro.<\/p>\n\n\n\n<h1 class=\"wp-block-heading\">Tastaturschulung<\/h1>\n\n\n\n<p>Der geschulte Umgang mit dem PC wird heutzutage in der Berufswelt vorausgesetzt. Ein erster Schritt dorthin ist die souver\u00e4ne Beherrschung der 10-Finger-Technik.<\/p>\n\n\n\n<p>Deshalb bieten wir auch in diesem Schuljahr wieder f\u00fcr die Klassenstufe 5 eine Tastaturschulung an. In 4 Doppelstunden, verbunden mit h\u00e4uslichen \u00dcbungsphasen, wird dabei anhand einer ganzheitlichen Methode die 10-Finger-Technik erlernt. Die Erfahrungen an unserer Schule waren in den letzten Jahren sehr positiv, da maximal 12-15 Sch\u00fcler in einem Kurs sitzen und jeder Sch\u00fcler an einem PC arbeiten kann.<\/p>\n\n\n\n<figure class=\"wp-block-table\"><table><tbody><tr><th>\n<div align=\"left\">Zielgruppe<\/div>\n<\/th><td>\n<div align=\"left\">Sch\u00fclerinnen und Sch\u00fcler der Klassenstufe 5<\/div>\n<\/td><\/tr><tr><th>\n<div align=\"left\">Leitung<\/div>\n<\/th><td>\n<div align=\"left\"><b>Frau Mohr-Neidel<\/b><\/div>\n<\/td><\/tr><tr><th>\n<div align=\"left\">Anmeldung<\/div>\n<\/th><td>\n<div align=\"left\">\u00fcber die Klassenlehrer der Klasse 5<\/div>\n<\/td><\/tr><tr><th>\n<div align=\"left\">Zeit<\/div>\n<\/th><td><div align=\"left\">nach Absprache<\/div><\/td><\/tr><tr><th>\n<div align=\"left\">Kosten<\/div>\n<\/th><td><div align=\"left\">45 \u20ac (incl. Unterrichtsmaterialien)<\/div><\/td><\/tr><\/tbody><\/table><\/figure>\n","protected":false},"excerpt":{"rendered":"<p>AG-Angebot im Schuljahr 2025\/26 Weitere Angebote im Musik- und Theaterbereich sowie im Bereich der Informatik enth\u00e4lt unsere Differenzierung. LiSa&nbsp; &#8211;&nbsp; Lernbegleitung im Stromberg-Gymnasium In den Kernf\u00e4chern Mathematik, Englisch, Franz\u00f6sisch und Deutsch bietet das Stromberg-Gymnasium die LiSa-Lernbegleitung an. Dieses schulische F\u00f6rderangebot <a href=\"https:\/\/www.stromberg-gymnasium.de\/?page_id=445\" class=\"read-more\">Weiterlesen<\/a><\/p>\n","protected":false},"author":1,"featured_media":0,"parent":280,"menu_order":0,"comment_status":"closed","ping_status":"closed","template":"","meta":{"footnotes":""},"class_list":["post-445","page","type-page","status-publish","hentry"],"_links":{"self":[{"href":"https:\/\/www.stromberg-gymnasium.de\/index.php?rest_route=\/wp\/v2\/pages\/445","targetHints":{"allow":["GET"]}}],"collection":[{"href":"https:\/\/www.stromberg-gymnasium.de\/index.php?rest_route=\/wp\/v2\/pages"}],"about":[{"href":"https:\/\/www.stromberg-gymnasium.de\/index.php?rest_route=\/wp\/v2\/types\/page"}],"author":[{"embeddable":true,"href":"https:\/\/www.stromberg-gymnasium.de\/index.php?rest_route=\/wp\/v2\/users\/1"}],"replies":[{"embeddable":true,"href":"https:\/\/www.stromberg-gymnasium.de\/index.php?rest_route=%2Fwp%2Fv2%2Fcomments&post=445"}],"version-history":[{"count":35,"href":"https:\/\/www.stromberg-gymnasium.de\/index.php?rest_route=\/wp\/v2\/pages\/445\/revisions"}],"predecessor-version":[{"id":32900,"href":"https:\/\/www.stromberg-gymnasium.de\/index.php?rest_route=\/wp\/v2\/pages\/445\/revisions\/32900"}],"up":[{"embeddable":true,"href":"https:\/\/www.stromberg-gymnasium.de\/index.php?rest_route=\/wp\/v2\/pages\/280"}],"wp:attachment":[{"href":"https:\/\/www.stromberg-gymnasium.de\/index.php?rest_route=%2Fwp%2Fv2%2Fmedia&parent=445"}],"curies":[{"name":"wp","href":"https:\/\/api.w.org\/{rel}","templated":true}]}}